{"id":4848,"date":"2023-05-12T19:32:29","date_gmt":"2023-05-12T17:32:29","guid":{"rendered":"https:\/\/mesjoliesplumes.com\/\/?page_id=4848"},"modified":"2025-04-07T20:32:33","modified_gmt":"2025-04-07T18:32:33","slug":"a-propos","status":"publish","type":"page","link":"https:\/\/mesjoliesplumes.com\/en\/a-propos\/","title":{"rendered":"A propos"},"content":{"rendered":"<p>[et_pb_section fb_built=&#8221;1&#8243; _builder_version=&#8221;4.21.0&#8243; _module_preset=&#8221;default&#8221; global_colors_info=&#8221;{}&#8221;][et_pb_row custom_padding_last_edited=&#8221;on|phone&#8221; _builder_version=&#8221;4.21.0&#8243; _module_preset=&#8221;default&#8221; background_color=&#8221;#f4f4f4&#8243; background_image=&#8221;https:\/\/mesjoliesplumes.com\/\/wp-content\/uploads\/2023\/02\/joli-green-vitrine-dunkerque-france.jpg&#8221; width=&#8221;100%&#8221; max_width=&#8221;2560px&#8221; custom_margin=&#8221;|auto|0%|auto|false|false&#8221; custom_padding=&#8221;5%|10%|5%|10%|false|false&#8221; custom_padding_tablet=&#8221;5%|10%|5%|10%|false|false&#8221; custom_padding_phone=&#8221;|5%||5%|false|false&#8221; global_colors_info=&#8221;{}&#8221;][et_pb_column type=&#8221;4_4&#8243; _builder_version=&#8221;4.21.0&#8243; _module_preset=&#8221;default&#8221; global_colors_info=&#8221;{}&#8221;][et_pb_text _builder_version=&#8221;4.27.4&#8243; _module_preset=&#8221;default&#8221; text_font=&#8221;|300|||||||&#8221; text_text_color=&#8221;#FFFFFF&#8221; text_font_size=&#8221;32px&#8221; text_letter_spacing=&#8221;1px&#8221; ul_text_align=&#8221;center&#8221; ul_text_color=&#8221;#FFFFFF&#8221; text_orientation=&#8221;center&#8221; custom_padding=&#8221;0px|0px|0px|0px|false|false&#8221; hover_enabled=&#8221;0&#8243; text_font_size_tablet=&#8221;32px&#8221; text_font_size_phone=&#8221;25px&#8221; text_font_size_last_edited=&#8221;on|phone&#8221; text_text_shadow_style=&#8221;preset1&#8243; global_colors_info=&#8221;{}&#8221; sticky_enabled=&#8221;0&#8243;]<\/p>\n<p>L&#8217;histoire de <strong>Zoh\u0113ma<\/strong><\/p>\n<p>[\/et_pb_text][et_pb_text _builder_version=&#8221;4.27.4&#8243; _module_preset=&#8221;default&#8221; text_text_color=&#8221;#7F7F7F&#8221; ul_text_align=&#8221;center&#8221; header_text_align=&#8221;center&#8221; background_color=&#8221;rgba(255,255,255,0.84)&#8221; custom_padding=&#8221;2%|2%|2%|2%|false|false&#8221; custom_padding_tablet=&#8221;2%|2%|2%|2%|false|false&#8221; custom_padding_phone=&#8221;10%|10%|10%|10%|true|true&#8221; custom_padding_last_edited=&#8221;on|phone&#8221; border_radii=&#8221;on|18px|18px|18px|18px&#8221; global_colors_info=&#8221;{}&#8221;]<\/p>\n<p>\u00a0Mes Jolies Plumes devient Zoh\u00e9ma&#8230; chaque pi\u00e8ce est le fruit d&#8217;un artisanat passionn\u00e9, d\u00e9di\u00e9 aux b\u00e9b\u00e9s, enfants, femmes et hommes. Un point d&#8217;honneur est mis \u00e0 allier tricot et couture pour offrir des v\u00eatements uniques qui allient confort et style.<\/p>\n<p>Que ce soit pour un cadeau sp\u00e9cial ou pour vous faire plaisir, les cr\u00e9ations artisanales sont l\u00e0 pour embellir votre quotidien tout en respectant l&#8217;environnement. Plongez dans un monde o\u00f9 chaque maille et chaque couture racontent une nouvelle aventure.<\/p>\n<p>Les patrons de couture sont \u00e9galement con\u00e7us pour inspirer votre cr\u00e9ativit\u00e9, vous permettant de r\u00e9aliser des pi\u00e8ces qui vous ressemblent pour les poup\u00e9es de vos enfants.<\/p>\n<p>[\/et_pb_text][\/et_pb_column][\/et_pb_row][et_pb_row _builder_version=&#8221;4.27.4&#8243; _module_preset=&#8221;default&#8221; background_color=&#8221;#f7f7f7&#8243; width=&#8221;100%&#8221; max_width=&#8221;2560px&#8221; custom_padding=&#8221;50px|10%|20px|10%|false|false&#8221; global_colors_info=&#8221;{}&#8221;][et_pb_column type=&#8221;4_4&#8243; _builder_version=&#8221;4.21.0&#8243; _module_preset=&#8221;default&#8221; global_colors_info=&#8221;{}&#8221;][et_pb_image src=&#8221;https:\/\/mesjoliesplumes.com\/\/wp-content\/uploads\/2020\/12\/jolies-plumes-top-grossesse.jpeg&#8221; title_text=&#8221;jolies-plumes-top-grossesse&#8221; _builder_version=&#8221;4.21.0&#8243; _module_preset=&#8221;default&#8221; width=&#8221;300px&#8221; module_alignment=&#8221;center&#8221; border_radii=&#8221;off|50%||50%|50%&#8221; global_colors_info=&#8221;{}&#8221;][\/et_pb_image][et_pb_text _builder_version=&#8221;4.27.4&#8243; _module_preset=&#8221;default&#8221; text_font=&#8221;|800|||||||&#8221; header_font=&#8221;|800|||||||&#8221; custom_margin=&#8221;||5px||false|false&#8221; custom_padding=&#8221;0px|40px|0px|40px|false|false&#8221; custom_padding_tablet=&#8221;0px|40px|0px|40px|false|false&#8221; custom_padding_phone=&#8221;|0px||0px|false|false&#8221; custom_padding_last_edited=&#8221;on|phone&#8221; global_colors_info=&#8221;{}&#8221;]<\/p>\n<h1>Vinciane, cr\u00e9atrice inspir\u00e9e<\/h1>\n<p>[\/et_pb_text][et_pb_text _builder_version=&#8221;4.27.4&#8243; _module_preset=&#8221;default&#8221; custom_padding=&#8221;0px|40px|40px|40px|false|false&#8221; custom_padding_tablet=&#8221;0px|40px|40px|40px|false|false&#8221; custom_padding_phone=&#8221;|0px||0px|false|false&#8221; custom_padding_last_edited=&#8221;on|phone&#8221; global_colors_info=&#8221;{}&#8221;]<\/p>\n<p>Issue d\u2019une famille recompos\u00e9e, elle r\u00eave de cr\u00e9er la sienne avec deux enfants : un gar\u00e7on et une fille, le choix du roi comme on dit (on verra plus bas que ce sera un peu diff\u00e9rent) ! Elle a suivi un cursus g\u00e9n\u00e9ral et se dirige vers des \u00e9tudes commerciales. Apr\u00e8s un BTS Management des Unit\u00e9s Commerciales, elle obtient une licence en gestion et cr\u00e9ation d\u2019entreprise quelques mois apr\u00e8s l\u2019arriv\u00e9e de son premier enfant tant attendu. Elle encha\u00eene des petits boulots de vendeuse et d\u00e9cide de se consacrer \u00e0 sa famille d\u00e8s l\u2019arriv\u00e9e de son 3\u00e8me gar\u00e7on, c\u2019est dailleurs durant cette grossesse qu\u2019elle apprivoise sa machine \u00e0 coudre, une Husqvarna Hclass 100. Trousseau de naissance, bavoirs en tissus, chaussons en cuir pour b\u00e9b\u00e9, elle est prise de passion et terriblement fi\u00e8re de cr\u00e9er la premi\u00e8re tenue de son tout petit.<\/p>\n<p>Elle ne s\u2019arr\u00eate pas en si bon chemin, entre les couches et l\u2019allaitement, elle d\u00e9vore les livres sp\u00e9cialis\u00e9s en mod\u00e9lisme et cr\u00e9ation de patrons, elle s\u2019impr\u00e8gne des tutos sur Internet et s\u2019entra\u00eene sans rel\u00e2che. Puis, peu apr\u00e8s la naissance de sa premi\u00e8re petite nana, elle donne vie \u00e0 \u201cMes Jolies Plumes\u201d en 2018. Louisa est venue combler la famille en 2021,\u00a0 aujourd\u2019hui, Vinciane dessine, cr\u00e9e, habille sa petite tribu, les v\u00f4tres, et m\u00eame les adultes !<\/p>\n<p>[\/et_pb_text][\/et_pb_column][\/et_pb_row][\/et_pb_section]<\/p>\n","protected":false},"excerpt":{"rendered":"<p>L&#8217;histoire de Zoh\u0113ma\u00a0Mes Jolies Plumes devient Zoh\u00e9ma&#8230; chaque pi\u00e8ce est le fruit d&#8217;un artisanat passionn\u00e9, d\u00e9di\u00e9 aux b\u00e9b\u00e9s, enfants, femmes et hommes. Un point d&#8217;honneur est mis \u00e0 allier tricot et couture pour offrir des v\u00eatements uniques qui allient confort et style. Que ce soit pour un cadeau sp\u00e9cial ou pour vous faire plaisir, les [&hellip;]<\/p>\n","protected":false},"author":4,"featured_media":0,"parent":0,"menu_order":0,"comment_status":"closed","ping_status":"closed","template":"","meta":{"_et_pb_use_builder":"on","_et_pb_old_content":"","_et_gb_content_width":"","footnotes":""},"class_list":["post-4848","page","type-page","status-publish","hentry"],"_links":{"self":[{"href":"https:\/\/mesjoliesplumes.com\/en\/wp-json\/wp\/v2\/pages\/4848","targetHints":{"allow":["GET"]}}],"collection":[{"href":"https:\/\/mesjoliesplumes.com\/en\/wp-json\/wp\/v2\/pages"}],"about":[{"href":"https:\/\/mesjoliesplumes.com\/en\/wp-json\/wp\/v2\/types\/page"}],"author":[{"embeddable":true,"href":"https:\/\/mesjoliesplumes.com\/en\/wp-json\/wp\/v2\/users\/4"}],"replies":[{"embeddable":true,"href":"https:\/\/mesjoliesplumes.com\/en\/wp-json\/wp\/v2\/comments?post=4848"}],"version-history":[{"count":15,"href":"https:\/\/mesjoliesplumes.com\/en\/wp-json\/wp\/v2\/pages\/4848\/revisions"}],"predecessor-version":[{"id":6698,"href":"https:\/\/mesjoliesplumes.com\/en\/wp-json\/wp\/v2\/pages\/4848\/revisions\/6698"}],"wp:attachment":[{"href":"https:\/\/mesjoliesplumes.com\/en\/wp-json\/wp\/v2\/media?parent=4848"}],"curies":[{"name":"wp","href":"https:\/\/api.w.org\/{rel}","templated":true}]}}