{"id":3403,"date":"2020-11-03T09:54:03","date_gmt":"2020-11-03T08:54:03","guid":{"rendered":"https:\/\/mesjoliesplumes.com\/\/?post_type=product&#038;p=3403"},"modified":"2025-01-20T23:11:46","modified_gmt":"2025-01-20T22:11:46","slug":"robe-ellie","status":"publish","type":"product","link":"https:\/\/mesjoliesplumes.com\/en\/boutique\/creations\/enfant\/les-robes-combis\/robe-ellie\/","title":{"rendered":"Robe Ellie &#8211; sur commande &#8211;"},"content":{"rendered":"<h3><strong>Robe Ellie \u2013 De 2 \u00e0 10 ans<\/strong><\/h3>\n<p>La <strong>robe Ellie<\/strong> est l\u2019alli\u00e9e parfaite des petites filles qui aiment allier confort, praticit\u00e9 et \u00e9l\u00e9gance. Avec ses <strong>grandes poches<\/strong> pour y cacher tous les tr\u00e9sors, son <strong>dos d\u00e9collet\u00e9<\/strong> qui ajoute une touche de chic, et son <strong>haut en jersey ou french terry<\/strong>, Ellie s&#8217;adapte \u00e0 toutes les occasions.<\/p>\n<h3>Caract\u00e9ristiques :<\/h3>\n<ul>\n<li><strong>Tailles disponibles<\/strong> : De <strong>2 ans \u00e0 10 ans<\/strong>.<\/li>\n<li><strong>Design chic et pratique<\/strong> : Un dos d\u00e9collet\u00e9 \u00e9l\u00e9gant pour un look raffin\u00e9, et de <strong>grandes poches<\/strong> pour que les petites puissent y ranger leurs secrets et tr\u00e9sors.<\/li>\n<li><strong>Confort optimal<\/strong> : Confectionn\u00e9e dans des tissus doux comme le <strong>jersey<\/strong> ou le <strong>french terry<\/strong>, pour une tenue \u00e0 la fois confortable et styl\u00e9e.<\/li>\n<li><strong>Polyvalente<\/strong> : \u00c0 porter pour toutes les occasions, aussi bien en journ\u00e9e qu\u2019en soir\u00e9e.<\/li>\n<\/ul>\n<h3>D\u00e9lai de confection :<\/h3>\n<ul>\n<li><strong>15 jours ouvr\u00e9s<\/strong>. Chaque robe est r\u00e9alis\u00e9e sur commande avec soin et attention.<\/li>\n<\/ul>\n<h3>Entretien :<\/h3>\n<ul>\n<li><strong>Lavage machine \u00e0 30\u00b0C<\/strong> recommand\u00e9.<\/li>\n<li><strong>Pas de s\u00e8che-linge<\/strong> pour pr\u00e9server la douceur et la qualit\u00e9 du tissu.<\/li>\n<\/ul>\n<h3>\u00c0 propos :<\/h3>\n<p>\ud83e\udd0d <strong>Tous mes mod\u00e8les sont des pi\u00e8ces uniques<\/strong>, cr\u00e9\u00e9es et confectionn\u00e9es \u00e0 la main avec amour \ud83d\udc95 dans mon petit atelier des <strong>Hauts de France<\/strong>, en utilisant des mat\u00e9riaux s\u00e9lectionn\u00e9s avec soin.<\/p>\n<p>&nbsp;<\/p>","protected":false},"excerpt":{"rendered":"<p>Robe bimati\u00e8re \u00e0 enfiler, corps jersey et lin, jupon en velours ras et poches en velours c\u00f4tel\u00e9. Dos d\u00e9collet\u00e9.<\/p>\n<p>Mati\u00e8re : jersey, velours ras et velours c\u00f4tel\u00e9.<\/p>\n<p>Coloris : beige et imprim\u00e9 l\u00e9opard<\/p>\n<p>Taille : 2 ans.<\/p>\n<p>Fait \u00e0 la main \u00e0 Dunkerque.<\/p>","protected":false},"featured_media":3304,"comment_status":"open","ping_status":"closed","template":"","meta":{"_et_pb_use_builder":"","_et_pb_old_content":"","_et_gb_content_width":""},"product_brand":[],"product_cat":[79,147,61,80],"product_tag":[],"class_list":{"0":"post-3403","1":"product","2":"type-product","3":"status-publish","4":"has-post-thumbnail","6":"product_cat-les-robes-combis","7":"product_cat-creations","8":"product_cat-enfant","9":"product_cat-tout-voir","10":"product_shipping_class-article-standard","12":"first","13":"instock","14":"shipping-taxable","15":"purchasable","16":"product-type-variable"},"_links":{"self":[{"href":"https:\/\/mesjoliesplumes.com\/en\/wp-json\/wp\/v2\/product\/3403","targetHints":{"allow":["GET"]}}],"collection":[{"href":"https:\/\/mesjoliesplumes.com\/en\/wp-json\/wp\/v2\/product"}],"about":[{"href":"https:\/\/mesjoliesplumes.com\/en\/wp-json\/wp\/v2\/types\/product"}],"replies":[{"embeddable":true,"href":"https:\/\/mesjoliesplumes.com\/en\/wp-json\/wp\/v2\/comments?post=3403"}],"wp:featuredmedia":[{"embeddable":true,"href":"https:\/\/mesjoliesplumes.com\/en\/wp-json\/wp\/v2\/media\/3304"}],"wp:attachment":[{"href":"https:\/\/mesjoliesplumes.com\/en\/wp-json\/wp\/v2\/media?parent=3403"}],"wp:term":[{"taxonomy":"product_brand","embeddable":true,"href":"https:\/\/mesjoliesplumes.com\/en\/wp-json\/wp\/v2\/product_brand?post=3403"},{"taxonomy":"product_cat","embeddable":true,"href":"https:\/\/mesjoliesplumes.com\/en\/wp-json\/wp\/v2\/product_cat?post=3403"},{"taxonomy":"product_tag","embeddable":true,"href":"https:\/\/mesjoliesplumes.com\/en\/wp-json\/wp\/v2\/product_tag?post=3403"}],"curies":[{"name":"wp","href":"https:\/\/api.w.org\/{rel}","templated":true}]}}