{"id":4253,"date":"2022-06-23T00:24:10","date_gmt":"2022-06-22T22:24:10","guid":{"rendered":"https:\/\/mesjoliesplumes.com\/\/?post_type=product&#038;p=4253"},"modified":"2025-01-19T01:39:25","modified_gmt":"2025-01-19T00:39:25","slug":"barboteuse-aponi","status":"publish","type":"product","link":"https:\/\/mesjoliesplumes.com\/en\/boutique\/creations\/layette-0-a-18-mois\/les-robes-combis-layette-0-a-24-mois\/barboteuse-aponi\/","title":{"rendered":"Barboteuse Aponi &#8211; sur commande &#8211;"},"content":{"rendered":"<p>Combinaison Aponi<\/p>\n<p>Votre petite fille, ou votre petit gar\u00e7on sera \u00e0 l&#8217;aise dans cette barboteuse loose tellement elle est confortable ! La double gaze de coton est un tissu tr\u00e8s a\u00e9rien et sera parfait en toute saison !<br \/>\nLa barboteuse est muni d&#8217;\u00e9lastiques \u00e0 l&#8217;encolure, aux poignets ainsi qu&#8217;aux cuisses et est pressionn\u00e9e \u00e0 l&#8217;entrejambe pour plus de facilit\u00e9 lors du change.<\/p>\n<p>\ud83e\udd0d Tous mes mod\u00e8les sont des pi\u00e8ces uniques, cr\u00e9\u00e9s et confectionn\u00e9s par mes soins, avec amour \ud83d\udc95 dans mon petit atelier des Hauts de France avec des mat\u00e9riaux s\u00e9lectionn\u00e9s avec soin !<\/p>\n<p>COMPOSITION<\/p>\n<p>Double gaze oeko tex 100% coton<\/p>\n<p>ENTRETIEN<\/p>\n<p>lavage machine \u00e0 30\u00b0, pas de s\u00e8che linge.<\/p>\n<p>Disponible en terracotta en 12\/18 mois.<\/p>\n<p>&nbsp;<\/p>","protected":false},"excerpt":{"rendered":"<p>Barboteuse en double gaze oeko tex<\/p>\n<p>L&#8217;encolure, les poignets et les cuisses sont \u00e9lastiqu\u00e9s, pressions \u00e0 l&#8217;entrejambe pour faciliter le change.<\/p>\n<p>disponible en 12\/18 mois pour ce mod\u00e8le<\/p>","protected":false},"featured_media":4194,"comment_status":"open","ping_status":"closed","template":"","meta":{"_et_pb_use_builder":"on","_et_pb_old_content":"Combinaison Aponi\r\n\r\nVotre petite fille, ou votre petit gar\u00e7on sera \u00e0 l'aise dans cette barboteuse loose tellement elle est confortable ! La double gaze de coton est un tissu tr\u00e8s a\u00e9rien et sera parfait en toute saison !\r\nLa barboteuse est muni d'\u00e9lastiques \u00e0 l'encolure, aux poignets ainsi qu'aux cuisses et est pressionn\u00e9e \u00e0 l'entrejambe pour plus de facilit\u00e9 lors du change.\r\n\r\n\ud83e\udd0d Tous mes mod\u00e8les sont des pi\u00e8ces uniques, cr\u00e9\u00e9s et confectionn\u00e9s par mes soins, avec amour \ud83d\udc95 dans mon petit atelier des Hauts de France avec des mat\u00e9riaux s\u00e9lectionn\u00e9s avec soin !\r\n\r\nCOMPOSITION\r\n\r\nDouble gaze oeko tex 100% coton\r\n\r\nENTRETIEN\r\n\r\nlavage machine \u00e0 30\u00b0, pas de s\u00e8che linge.\r\n\r\nDisponible en terracotta en 12\/18 mois.\r\n\r\n&nbsp;","_et_gb_content_width":""},"product_brand":[],"product_cat":[81,147,84,91],"product_tag":[],"class_list":{"0":"post-4253","1":"product","2":"type-product","3":"status-publish","4":"has-post-thumbnail","6":"product_cat-layette-0-a-18-mois","7":"product_cat-creations","8":"product_cat-les-robes-combis-layette-0-a-24-mois","9":"product_cat-tout-voir-layette-0-a-24-mois","11":"first","12":"instock","13":"sold-individually","14":"shipping-taxable","15":"purchasable","16":"product-type-simple"},"_links":{"self":[{"href":"https:\/\/mesjoliesplumes.com\/en\/wp-json\/wp\/v2\/product\/4253","targetHints":{"allow":["GET"]}}],"collection":[{"href":"https:\/\/mesjoliesplumes.com\/en\/wp-json\/wp\/v2\/product"}],"about":[{"href":"https:\/\/mesjoliesplumes.com\/en\/wp-json\/wp\/v2\/types\/product"}],"replies":[{"embeddable":true,"href":"https:\/\/mesjoliesplumes.com\/en\/wp-json\/wp\/v2\/comments?post=4253"}],"wp:featuredmedia":[{"embeddable":true,"href":"https:\/\/mesjoliesplumes.com\/en\/wp-json\/wp\/v2\/media\/4194"}],"wp:attachment":[{"href":"https:\/\/mesjoliesplumes.com\/en\/wp-json\/wp\/v2\/media?parent=4253"}],"wp:term":[{"taxonomy":"product_brand","embeddable":true,"href":"https:\/\/mesjoliesplumes.com\/en\/wp-json\/wp\/v2\/product_brand?post=4253"},{"taxonomy":"product_cat","embeddable":true,"href":"https:\/\/mesjoliesplumes.com\/en\/wp-json\/wp\/v2\/product_cat?post=4253"},{"taxonomy":"product_tag","embeddable":true,"href":"https:\/\/mesjoliesplumes.com\/en\/wp-json\/wp\/v2\/product_tag?post=4253"}],"curies":[{"name":"wp","href":"https:\/\/api.w.org\/{rel}","templated":true}]}}