{"id":5372,"date":"2023-06-07T02:28:04","date_gmt":"2023-06-07T00:28:04","guid":{"rendered":"https:\/\/mesjoliesplumes.com\/\/?post_type=product&#038;p=5372"},"modified":"2023-11-05T23:19:18","modified_gmt":"2023-11-05T22:19:18","slug":"patron-de-couture-gratuit-poupee-chaussettes","status":"publish","type":"product","link":"https:\/\/mesjoliesplumes.com\/en\/boutique\/patrons-couture\/patron-de-couture-gratuit-poupee-chaussettes\/","title":{"rendered":"Doll sewing pattern - Cleo socks - in french and english"},"content":{"rendered":"<p>* Patron de couture gratuit PDF * * PDF Sewing Pattern * in english and french<\/p>\n<p>Paires de chaussettes mixtes pour poup\u00e9e de 34cm de type Minikane, Gordis de Paola Reina. Convient \u00e9galement aux poup\u00e9es Miniland et babies de Minikane (cf photos). Version sport ou chic !<\/p>\n<p>Fichiers pdf comprenant :<br \/>\n&#8211; Plusieurs versions de chaussettes.<\/p>\n<p>Les patrons sont \u00e9crits en anglais et en fran\u00e7ais, des photos illustrent parfaitement les diff\u00e9rentes \u00e9tapes.<\/p>\n<ul>\n<li>Tissu conseill\u00e9 : tissu extensible comme le sweat, french terry, jersey ou bord c\u00f4te.<\/li>\n<li>\u00e9lastique 5mm<\/li>\n<\/ul>\n<p>Lors de votre achat d\u2019un patron Joli Green Patterns en version PDF, vous recevrez la planche de patron sous format A4 (bilingue fran\u00e7ais\/anglais) ainsi que le livret explicatif (en fran\u00e7ais et en anglais) et le fichier A0.<\/p>\n<p>Ces fichiers sont \u00e0 usage strictement personnel et priv\u00e9. Toute repr\u00e9sentation ou reproduction int\u00e9grale ou partielle, faite sans le consentement de Joli Green, est illicite. (Loi du 11 mars 1957, alin\u00e9a 1er de l\u2019article 40).<\/p>\n<p>J&#8217;autorise toutefois la revente de v\u00eatements issus des mod\u00e8les Joli Green patterns.<\/p>\n<p>Dans une d\u00e9marche de partage et d\u2019entraide avec les petits entrepreneurs, j\u2019ai d\u00e9cid\u00e9 d\u2019autoriser la vente artisanale (en toute<br \/>\npetite s\u00e9rie) de vos articles textiles issus de mes patrons. En remerciement, et par respect, je vous demanderais de tagguer<br \/>\n@joli.green.patterns lisiblement sur vos publications. Ce patron ainsi que le tutoriel restent la propri\u00e9t\u00e9 de Joli Green Patterns. Ils sont r\u00e9serv\u00e9s \u00e0 un usage personnel, reproductions et utilisations commerciales interdites. Commerce de gros et confection en usine strictement interdits.<\/p>\n<p>&nbsp;<\/p>\n<p>&nbsp;<\/p>","protected":false},"excerpt":{"rendered":"<p>* Patron de couture gratuit PDF * * PDF Sewing Pattern * in english and french<\/p>\n<p>Chaussettes pour poup\u00e9e de 34cm de type Minikane, Gordis de Paola Reina ou Miniland.<\/p>\n<p>&nbsp;<\/p>","protected":false},"featured_media":5344,"comment_status":"open","ping_status":"closed","template":"","meta":{"_et_pb_use_builder":"","_et_pb_old_content":"","_et_gb_content_width":""},"product_brand":[],"product_cat":[122],"product_tag":[],"class_list":{"0":"post-5372","1":"product","2":"type-product","3":"status-publish","4":"has-post-thumbnail","6":"product_cat-patrons-couture","8":"first","9":"instock","10":"downloadable","11":"virtual","12":"purchasable","13":"product-type-simple"},"_links":{"self":[{"href":"https:\/\/mesjoliesplumes.com\/en\/wp-json\/wp\/v2\/product\/5372","targetHints":{"allow":["GET"]}}],"collection":[{"href":"https:\/\/mesjoliesplumes.com\/en\/wp-json\/wp\/v2\/product"}],"about":[{"href":"https:\/\/mesjoliesplumes.com\/en\/wp-json\/wp\/v2\/types\/product"}],"replies":[{"embeddable":true,"href":"https:\/\/mesjoliesplumes.com\/en\/wp-json\/wp\/v2\/comments?post=5372"}],"wp:featuredmedia":[{"embeddable":true,"href":"https:\/\/mesjoliesplumes.com\/en\/wp-json\/wp\/v2\/media\/5344"}],"wp:attachment":[{"href":"https:\/\/mesjoliesplumes.com\/en\/wp-json\/wp\/v2\/media?parent=5372"}],"wp:term":[{"taxonomy":"product_brand","embeddable":true,"href":"https:\/\/mesjoliesplumes.com\/en\/wp-json\/wp\/v2\/product_brand?post=5372"},{"taxonomy":"product_cat","embeddable":true,"href":"https:\/\/mesjoliesplumes.com\/en\/wp-json\/wp\/v2\/product_cat?post=5372"},{"taxonomy":"product_tag","embeddable":true,"href":"https:\/\/mesjoliesplumes.com\/en\/wp-json\/wp\/v2\/product_tag?post=5372"}],"curies":[{"name":"wp","href":"https:\/\/api.w.org\/{rel}","templated":true}]}}