{"id":5601,"date":"2023-07-14T17:34:39","date_gmt":"2023-07-14T15:34:39","guid":{"rendered":"https:\/\/mesjoliesplumes.com\/\/?post_type=product&#038;p=5601"},"modified":"2025-01-20T21:35:51","modified_gmt":"2025-01-20T20:35:51","slug":"blouse-robe-matchy-mere-fille","status":"publish","type":"product","link":"https:\/\/mesjoliesplumes.com\/en\/boutique\/creations\/enfant\/les-hauts\/blouse-robe-matchy-mere-fille\/","title":{"rendered":"blouse matchy-matchy &#8211; sur commande &#8211;"},"content":{"rendered":"<div class=\"flex max-w-full flex-col flex-grow\">\n<div class=\"min-h-8 text-message flex w-full flex-col items-end gap-2 whitespace-normal break-words text-start [.text-message+&amp;]:mt-5\" dir=\"auto\" data-message-author-role=\"assistant\" data-message-id=\"4a41af2b-4b1f-4641-a7ea-3d329ae28538\" data-message-model-slug=\"gpt-4o-mini\">\n<div class=\"flex w-full flex-col gap-1 empty:hidden first:pt-[3px]\">\n<div class=\"markdown prose w-full break-words dark:prose-invert light\">\n<p>&nbsp;<\/p>\n<\/div>\n<\/div>\n<\/div>\n<\/div>\n<div class=\"mb-2 flex gap-3 empty:hidden -ml-2\">\n<div class=\"items-center justify-start rounded-xl p-1 flex\">\n<div class=\"flex items-center\">\n<p><strong>Duo de Top \/ Blouse M\u00e8re-Fille<br \/>\n<\/strong><\/p>\n<p>Cr\u00e9ez un look coordonn\u00e9 et tendre avec ce duo de top ou blouse m\u00e8re-fille, con\u00e7u sur mesure pour vous et votre petite. Parfait pour des moments complices, ce mod\u00e8le &#8220;matchy matchy&#8221; allie confort, \u00e9l\u00e9gance et originalit\u00e9. Vous avez la possibilit\u00e9 de choisir la couleur, le mod\u00e8le et le tissu, pour un ensemble totalement personnalis\u00e9.<\/p>\n<p><strong>Caract\u00e9ristiques :<\/strong><\/p>\n<ul>\n<li><strong>Confection sur mesure<\/strong> : Chaque duo est fait main selon vos pr\u00e9f\u00e9rences, pour un ajustement parfait.<\/li>\n<li><strong>D\u00e9lai de fabrication<\/strong> : Comptez un d\u00e9lai de 3 \u00e0 4 semaines pour la confection de votre ensemble.<\/li>\n<li><strong>Personnalisable<\/strong> : Choisissez la couleur, le mod\u00e8le et le tissu parmi une large s\u00e9lection.<\/li>\n<li><strong>Tarifs \u00e9volutifs<\/strong> : Le prix peut varier en fonction du tissu et du mod\u00e8le choisis.<\/li>\n<li><strong>Confort et style<\/strong> : Fabriqu\u00e9 dans des tissus doux et agr\u00e9ables, ce duo allie praticit\u00e9 et \u00e9l\u00e9gance pour toutes les occasions.<\/li>\n<li><strong>Tailles <\/strong>: Du 2 au 10 ans pour les filles et du 34 au 44 pour les femmes.<\/li>\n<\/ul>\n<p>Un duo id\u00e9al pour partager des moments de complicit\u00e9 avec votre petite, tout en \u00e9tant \u00e0 la mode !<\/p>\n<\/div>\n<\/div>\n<\/div>\n","protected":false},"excerpt":{"rendered":"<p><strong>Duo de Top \/ Blouse M\u00e8re-Fille Sur Mesure &#8211; Matchy Matchy<\/strong><\/p>\n<p>Cr\u00e9ez un look coordonn\u00e9 et tendre avec ce duo de top ou blouse m\u00e8re-fille, fait sur mesure pour vous et votre petite. Choisissez la couleur, le mod\u00e8le et le tissu de votre choix. D\u00e9lai de confection : 3 \u00e0 4 semaines. Les tarifs varient selon le tissu et le mod\u00e8le s\u00e9lectionn\u00e9s. Un ensemble unique, alliant confort et \u00e9l\u00e9gance pour des moments complices !<\/p>","protected":false},"featured_media":5582,"comment_status":"open","ping_status":"closed","template":"","meta":{"_et_pb_use_builder":"","_et_pb_old_content":"","_et_gb_content_width":""},"product_brand":[],"product_cat":[147,87,61,78,198,90,80],"product_tag":[],"class_list":{"0":"post-5601","1":"product","2":"type-product","3":"status-publish","4":"has-post-thumbnail","6":"product_cat-creations","7":"product_cat-adulte","8":"product_cat-enfant","9":"product_cat-les-hauts","10":"product_cat-matchy-matchy","11":"product_cat-tout-voir-adulte","12":"product_cat-tout-voir","13":"product_shipping_class-article-standard","15":"first","16":"instock","17":"sold-individually","18":"shipping-taxable","19":"purchasable","20":"product-type-variable"},"_links":{"self":[{"href":"https:\/\/mesjoliesplumes.com\/en\/wp-json\/wp\/v2\/product\/5601","targetHints":{"allow":["GET"]}}],"collection":[{"href":"https:\/\/mesjoliesplumes.com\/en\/wp-json\/wp\/v2\/product"}],"about":[{"href":"https:\/\/mesjoliesplumes.com\/en\/wp-json\/wp\/v2\/types\/product"}],"replies":[{"embeddable":true,"href":"https:\/\/mesjoliesplumes.com\/en\/wp-json\/wp\/v2\/comments?post=5601"}],"wp:featuredmedia":[{"embeddable":true,"href":"https:\/\/mesjoliesplumes.com\/en\/wp-json\/wp\/v2\/media\/5582"}],"wp:attachment":[{"href":"https:\/\/mesjoliesplumes.com\/en\/wp-json\/wp\/v2\/media?parent=5601"}],"wp:term":[{"taxonomy":"product_brand","embeddable":true,"href":"https:\/\/mesjoliesplumes.com\/en\/wp-json\/wp\/v2\/product_brand?post=5601"},{"taxonomy":"product_cat","embeddable":true,"href":"https:\/\/mesjoliesplumes.com\/en\/wp-json\/wp\/v2\/product_cat?post=5601"},{"taxonomy":"product_tag","embeddable":true,"href":"https:\/\/mesjoliesplumes.com\/en\/wp-json\/wp\/v2\/product_tag?post=5601"}],"curies":[{"name":"wp","href":"https:\/\/api.w.org\/{rel}","templated":true}]}}