{"id":5606,"date":"2023-07-14T18:50:07","date_gmt":"2023-07-14T16:50:07","guid":{"rendered":"https:\/\/mesjoliesplumes.com\/\/?post_type=product&#038;p=5606"},"modified":"2025-01-20T16:08:26","modified_gmt":"2025-01-20T15:08:26","slug":"short-retro-marty-2","status":"publish","type":"product","link":"https:\/\/mesjoliesplumes.com\/en\/boutique\/creations\/enfant\/les-bas\/short-retro-marty-2\/","title":{"rendered":"Short r\u00e9tro Marty &#8211; sur commande &#8211;"},"content":{"rendered":"<p><strong>Short Enfant R\u00e9tro Marty<br \/>\n<\/strong><\/p>\n<p>Offrez \u00e0 votre enfant un look r\u00e9tro et tendance avec le <strong>short Marty<\/strong>, inspir\u00e9 des ann\u00e9es 70 ! Confectionn\u00e9 dans un velours <strong>Oeko-Tex<\/strong> tout doux, il garantit confort et style, tout en \u00e9tant respectueux de la peau.<\/p>\n<h3>Caract\u00e9ristiques :<\/h3>\n<ul>\n<li><strong>Mati\u00e8re<\/strong> : Velours <strong>Oeko-Tex<\/strong>, doux et confortable.<\/li>\n<li><strong>Style<\/strong> : Un petit c\u00f4t\u00e9 <strong>70&#8217;s<\/strong> avec une coupe r\u00e9tro qui s&#8217;adapte \u00e0 tous les styles.<\/li>\n<li><strong>Tailles disponibles<\/strong> : Du <strong>2 au 10 ans<\/strong>.<\/li>\n<li><strong>handmade<\/strong> : Chaque short est confectionn\u00e9 avec soin, sur commande.<\/li>\n<\/ul>\n<h3>D\u00e9lai de confection :<\/h3>\n<ul>\n<li><strong>15 jours ouvr\u00e9s<\/strong>.<\/li>\n<\/ul>\n<h3>Entretien :<\/h3>\n<ul>\n<li><strong>Lavage<\/strong> \u00e0 30\u00b0C recommand\u00e9.<\/li>\n<\/ul>\n<p>&nbsp;<\/p>\n<p>&nbsp;<\/p>\n<p>&nbsp;<\/p>","protected":false},"excerpt":{"rendered":"<p>Short r\u00e9tro Marty pour un look 70&#8217;S ! Cousu dans un jersey velours oeko tex tout doux&#8230; Fait main avec amour<\/p>","protected":false},"featured_media":5587,"comment_status":"open","ping_status":"closed","template":"","meta":{"_et_pb_use_builder":"off","_et_pb_old_content":"Le bloomer, ou le cache-couche est le v\u00eatement indispensable pour terminer une tenue, sous une robe, ou m\u00eame sous une tunique ou un top, on montre tout ! \r\nB\u00e9b\u00e9 garde sa libert\u00e9 de mouvement sans avoir trop chaud. \r\nLe bloomer poss\u00e8de une taille \u00e9lastiqu\u00e9e confortable dans un style paper bag (vous savez ces tailles hautes avec effet froiss\u00e9 ?) et des cuisses elastiqu\u00e9es \u00e9galement.\r\n\r\nConfectionn\u00e9 dans un tissu double gaze de couleur rouille \u00e0 pois dor\u00e9s pour un c\u00f4t\u00e9 chic ! \r\n ","_et_gb_content_width":""},"product_brand":[],"product_cat":[61,147,60,80],"product_tag":[],"class_list":{"0":"post-5606","1":"product","2":"type-product","3":"status-publish","4":"has-post-thumbnail","6":"product_cat-enfant","7":"product_cat-creations","8":"product_cat-les-bas","9":"product_cat-tout-voir","10":"product_shipping_class-article-standard","12":"first","13":"instock","14":"shipping-taxable","15":"purchasable","16":"product-type-variable"},"_links":{"self":[{"href":"https:\/\/mesjoliesplumes.com\/en\/wp-json\/wp\/v2\/product\/5606","targetHints":{"allow":["GET"]}}],"collection":[{"href":"https:\/\/mesjoliesplumes.com\/en\/wp-json\/wp\/v2\/product"}],"about":[{"href":"https:\/\/mesjoliesplumes.com\/en\/wp-json\/wp\/v2\/types\/product"}],"replies":[{"embeddable":true,"href":"https:\/\/mesjoliesplumes.com\/en\/wp-json\/wp\/v2\/comments?post=5606"}],"wp:featuredmedia":[{"embeddable":true,"href":"https:\/\/mesjoliesplumes.com\/en\/wp-json\/wp\/v2\/media\/5587"}],"wp:attachment":[{"href":"https:\/\/mesjoliesplumes.com\/en\/wp-json\/wp\/v2\/media?parent=5606"}],"wp:term":[{"taxonomy":"product_brand","embeddable":true,"href":"https:\/\/mesjoliesplumes.com\/en\/wp-json\/wp\/v2\/product_brand?post=5606"},{"taxonomy":"product_cat","embeddable":true,"href":"https:\/\/mesjoliesplumes.com\/en\/wp-json\/wp\/v2\/product_cat?post=5606"},{"taxonomy":"product_tag","embeddable":true,"href":"https:\/\/mesjoliesplumes.com\/en\/wp-json\/wp\/v2\/product_tag?post=5606"}],"curies":[{"name":"wp","href":"https:\/\/api.w.org\/{rel}","templated":true}]}}