{"id":5760,"date":"2023-10-15T22:16:10","date_gmt":"2023-10-15T20:16:10","guid":{"rendered":"https:\/\/mesjoliesplumes.com\/\/?post_type=product&#038;p=5760"},"modified":"2025-01-19T16:30:02","modified_gmt":"2025-01-19T15:30:02","slug":"headband-hanna-en-tricot-brode","status":"publish","type":"product","link":"https:\/\/mesjoliesplumes.com\/en\/boutique\/creations\/enfant\/accessoires\/headband-hanna-en-tricot-brode\/","title":{"rendered":"headband Hanna en tricot brod\u00e9 &#8211; sur commande &#8211;"},"content":{"rendered":"<p>Headband Hanna<\/p>\n<p>Headband tricot\u00e9 main avec une laine 52% Merino et 48% acrylique. Ce bandeau en tricot est brod\u00e9 de fleurs avec une laine merino \u00e9galement.<\/p>\n<p>Sur commande pour \u00e9viter le surstock. Compter un d\u00e9lai d&#8217;approximativement 15 jours.<\/p>\n<p>Coloris de votre choix, nous verrons ensemble selon les couleurs disponibles<\/p>\n<p>Tailles b\u00e9b\u00e9, enfant, et adulte.<\/p>\n<p>&nbsp;<\/p>","protected":false},"excerpt":{"rendered":"<p>Headband Hanna Headband tricot\u00e9 main avec une laine 52% Merino et 48% acrylique. Ce bandeau en tricot est brod\u00e9 de fleurs avec une laine merino \u00e9galement. Sur commande pour \u00e9viter le surstock. Compter un d\u00e9lai d&#8217;approximativement 15 jours. Coloris de votre choix, nous verrons ensemble selon les couleurs disponibles Tailles b\u00e9b\u00e9, enfant, et adulte. &nbsp;<\/p>","protected":false},"featured_media":6241,"comment_status":"open","ping_status":"closed","template":"","meta":{"_et_pb_use_builder":"","_et_pb_old_content":"","_et_gb_content_width":""},"product_brand":[],"product_cat":[147,87,61,81,62,89,85,198,125,80,90,91,197],"product_tag":[],"class_list":{"0":"post-5760","1":"product","2":"type-product","3":"status-publish","4":"has-post-thumbnail","6":"product_cat-creations","7":"product_cat-adulte","8":"product_cat-enfant","9":"product_cat-layette-0-a-18-mois","10":"product_cat-accessoires","11":"product_cat-les-accessoires-adulte","12":"product_cat-les-accessoires","13":"product_cat-matchy-matchy","14":"product_cat-poupees","15":"product_cat-tout-voir","16":"product_cat-tout-voir-adulte","17":"product_cat-tout-voir-layette-0-a-24-mois","18":"product_cat-tricot","19":"product_shipping_class-article-standard","21":"first","22":"instock","23":"shipping-taxable","24":"purchasable","25":"product-type-variable","26":"has-default-attributes"},"_links":{"self":[{"href":"https:\/\/mesjoliesplumes.com\/en\/wp-json\/wp\/v2\/product\/5760","targetHints":{"allow":["GET"]}}],"collection":[{"href":"https:\/\/mesjoliesplumes.com\/en\/wp-json\/wp\/v2\/product"}],"about":[{"href":"https:\/\/mesjoliesplumes.com\/en\/wp-json\/wp\/v2\/types\/product"}],"replies":[{"embeddable":true,"href":"https:\/\/mesjoliesplumes.com\/en\/wp-json\/wp\/v2\/comments?post=5760"}],"wp:featuredmedia":[{"embeddable":true,"href":"https:\/\/mesjoliesplumes.com\/en\/wp-json\/wp\/v2\/media\/6241"}],"wp:attachment":[{"href":"https:\/\/mesjoliesplumes.com\/en\/wp-json\/wp\/v2\/media?parent=5760"}],"wp:term":[{"taxonomy":"product_brand","embeddable":true,"href":"https:\/\/mesjoliesplumes.com\/en\/wp-json\/wp\/v2\/product_brand?post=5760"},{"taxonomy":"product_cat","embeddable":true,"href":"https:\/\/mesjoliesplumes.com\/en\/wp-json\/wp\/v2\/product_cat?post=5760"},{"taxonomy":"product_tag","embeddable":true,"href":"https:\/\/mesjoliesplumes.com\/en\/wp-json\/wp\/v2\/product_tag?post=5760"}],"curies":[{"name":"wp","href":"https:\/\/api.w.org\/{rel}","templated":true}]}}