{"id":6069,"date":"2023-12-15T12:36:59","date_gmt":"2023-12-15T11:36:59","guid":{"rendered":"https:\/\/mesjoliesplumes.com\/\/?post_type=product&#038;p=6069"},"modified":"2025-01-18T23:20:04","modified_gmt":"2025-01-18T22:20:04","slug":"gilet-veste-suzette","status":"publish","type":"product","link":"https:\/\/mesjoliesplumes.com\/en\/boutique\/creations\/adulte\/tout-voir-adulte\/gilet-veste-suzette\/","title":{"rendered":"Gilet \/ veste Suzette &#8211; sur commande &#8211;"},"content":{"rendered":"<div class=\"flex max-w-full flex-col flex-grow\">\n<div class=\"min-h-8 text-message flex w-full flex-col items-end gap-2 whitespace-normal break-words text-start [.text-message+&amp;]:mt-5\" dir=\"auto\" data-message-author-role=\"assistant\" data-message-id=\"7cb5f012-e7cf-4d62-94a5-b4dda4d98dbd\" data-message-model-slug=\"gpt-4o-mini\">\n<div class=\"flex w-full flex-col gap-1 empty:hidden first:pt-[3px]\">\n<div class=\"markdown prose w-full break-words dark:prose-invert light\">\n<p><strong>Gilet Veste de Berger Femme Doubl\u00e9e Moumoute et Coton<\/strong><\/p>\n<p>Offrez-vous un confort absolu avec ce gilet veste de berger pour femme, alliant chaleur et style. Doubl\u00e9 de moumoute ultra-douce \u00e0 l&#8217;ext\u00e9rieur et de coton \u00e0 l&#8217;int\u00e9rieur, ce gilet vous enveloppe de bien-\u00eatre tout au long de la saison. Id\u00e9al pour les journ\u00e9es fra\u00eeches, il combine une coupe moderne et un confort optimal.<\/p>\n<p><strong>Caract\u00e9ristiques :<\/strong><\/p>\n<ul>\n<li><strong>Confection sur mesure<\/strong> : Chaque gilet est fabriqu\u00e9 \u00e0 la main avec soin, garantissant une qualit\u00e9 exceptionnelle.<\/li>\n<li><strong>D\u00e9lai de fabrication<\/strong> : En raison de la confection artisanale, le d\u00e9lai de fabrication est de 15 jours \u00e0 3 semaines.<\/li>\n<li><strong>Personnalisable<\/strong> : Choisissez parmi une palette de couleurs pour cr\u00e9er la pi\u00e8ce qui vous ressemble.<\/li>\n<li><strong>Doublure confortable<\/strong> : La moumoute douce et le coton int\u00e9rieur assurent chaleur et confort tout au long de la journ\u00e9e.<\/li>\n<li><strong>Design chic et pratique<\/strong> : Une silhouette moderne et pratique, id\u00e9ale pour l&#8217;automne et l&#8217;hiver.<\/li>\n<\/ul>\n<p>Un incontournable de votre garde-robe, alliant style et confort pour affronter le froid avec \u00e9l\u00e9gance.<\/p>\n<p>Taille : du 34 au 44<\/p>\n<\/div>\n<\/div>\n<\/div>\n<\/div>\n<div class=\"mb-2 flex gap-3 empty:hidden -ml-2\">\n<div class=\"items-center justify-start rounded-xl p-1 flex\">\n<div class=\"flex items-center\"><\/div>\n<\/div>\n<\/div>\n","protected":false},"excerpt":{"rendered":"<p><strong>Gilet Veste de Berger Femme Doubl\u00e9e Moumoute et Coton<\/strong><\/p>\n<p>Chaleur et confort avec ce gilet veste de berger pour femme, doubl\u00e9 de moumoute douce \u00e0 l\u2019ext\u00e9rieur et de coton \u00e0 l\u2019int\u00e9rieur. Disponible dans une large gamme de couleurs, il est confectionn\u00e9 \u00e0 la main avec un d\u00e9lai de 15 jours \u00e0 3 semaines. Un must-have pour affronter le froid avec style et douceur.<\/p>\n<p>Taille : du 34 au 44<\/p>","protected":false},"featured_media":6277,"comment_status":"open","ping_status":"closed","template":"","meta":{"_et_pb_use_builder":"","_et_pb_old_content":"","_et_gb_content_width":""},"product_brand":[],"product_cat":[147,87,90],"product_tag":[],"class_list":{"0":"post-6069","1":"product","2":"type-product","3":"status-publish","4":"has-post-thumbnail","6":"product_cat-creations","7":"product_cat-adulte","8":"product_cat-tout-voir-adulte","9":"product_shipping_class-article-volumineux","11":"first","12":"outofstock","13":"shipping-taxable","14":"purchasable","15":"product-type-simple"},"_links":{"self":[{"href":"https:\/\/mesjoliesplumes.com\/en\/wp-json\/wp\/v2\/product\/6069","targetHints":{"allow":["GET"]}}],"collection":[{"href":"https:\/\/mesjoliesplumes.com\/en\/wp-json\/wp\/v2\/product"}],"about":[{"href":"https:\/\/mesjoliesplumes.com\/en\/wp-json\/wp\/v2\/types\/product"}],"replies":[{"embeddable":true,"href":"https:\/\/mesjoliesplumes.com\/en\/wp-json\/wp\/v2\/comments?post=6069"}],"wp:featuredmedia":[{"embeddable":true,"href":"https:\/\/mesjoliesplumes.com\/en\/wp-json\/wp\/v2\/media\/6277"}],"wp:attachment":[{"href":"https:\/\/mesjoliesplumes.com\/en\/wp-json\/wp\/v2\/media?parent=6069"}],"wp:term":[{"taxonomy":"product_brand","embeddable":true,"href":"https:\/\/mesjoliesplumes.com\/en\/wp-json\/wp\/v2\/product_brand?post=6069"},{"taxonomy":"product_cat","embeddable":true,"href":"https:\/\/mesjoliesplumes.com\/en\/wp-json\/wp\/v2\/product_cat?post=6069"},{"taxonomy":"product_tag","embeddable":true,"href":"https:\/\/mesjoliesplumes.com\/en\/wp-json\/wp\/v2\/product_tag?post=6069"}],"curies":[{"name":"wp","href":"https:\/\/api.w.org\/{rel}","templated":true}]}}