{"id":6328,"date":"2025-01-18T23:11:30","date_gmt":"2025-01-18T22:11:30","guid":{"rendered":"https:\/\/mesjoliesplumes.com\/?post_type=product&#038;p=6328"},"modified":"2025-01-21T14:02:00","modified_gmt":"2025-01-21T13:02:00","slug":"gilet-oneida-tricote-main-sur-commande","status":"publish","type":"product","link":"https:\/\/mesjoliesplumes.com\/en\/boutique\/creations\/layette-0-a-18-mois\/les-hauts-layette-0-a-24-mois\/gilet-oneida-tricote-main-sur-commande\/","title":{"rendered":"Gilet Oneida tricot\u00e9 main &#8211; sur commande &#8211;"},"content":{"rendered":"<p><strong>Gilet B\u00e9b\u00e9 Oneida en Tricot<br \/>\n<\/strong><\/p>\n<p>Offrez \u00e0 votre b\u00e9b\u00e9 un confort doux et chaleureux avec ce gilet tricot\u00e9 \u00e0 la main, parfait pour compl\u00e9ter son trousseau de naissance. Con\u00e7u avec soin, ce gilet est id\u00e9al pour envelopper b\u00e9b\u00e9 dans une douceur absolue tout en apportant une touche d\u2019\u00e9l\u00e9gance \u00e0 ses premi\u00e8res tenues.<\/p>\n<p><strong>Caract\u00e9ristiques :<\/strong><\/p>\n<ul>\n<li><strong>Confection artisanale<\/strong> : Chaque gilet est minutieusement tricot\u00e9 \u00e0 la main, garantissant une qualit\u00e9 et un soin exceptionnels.<\/li>\n<li><strong>D\u00e9lai de fabrication<\/strong> : En raison de la fabrication artisanale, le d\u00e9lai de confection est de 15 jours \u00e0 3 semaines.<\/li>\n<li><strong>Personnalisable<\/strong> : Choisissez parmi une large palette de couleurs pour cr\u00e9er un gilet qui correspond parfaitement \u00e0 vos go\u00fbts et \u00e0 l\u2019univers de b\u00e9b\u00e9.<\/li>\n<li><strong>Confort optimal<\/strong> : Fabriqu\u00e9 \u00e0 partir de fils m\u00e9rinos, doux et agr\u00e9ables pour la peau d\u00e9licate de votre b\u00e9b\u00e9.<\/li>\n<li><strong>Design intemporel<\/strong> : Un mod\u00e8le simple et \u00e9l\u00e9gant qui s\u2019adapte \u00e0 toutes les occasions, du quotidien aux moments plus sp\u00e9ciaux.<\/li>\n<li><strong>Taille : <\/strong>choisissez entre la taille 0\/3 mois (parfait pour la naissance et juste apr\u00e8s) et 3\/6 mois<\/li>\n<\/ul>\n<p>Ajoutez ce gilet \u00e0 votre trousseau de naissance pour un cadeau pr\u00e9cieux et original, alliant confort et style.<\/p>","protected":false},"excerpt":{"rendered":"<p><strong>Gilet B\u00e9b\u00e9 en Tricot pour Trousseau de Naissance<\/strong><\/p>\n<p>Ce gilet b\u00e9b\u00e9 tricot\u00e9 \u00e0 la main est l&#8217;ajout parfait \u00e0 votre trousseau de naissance. Doux, confortable et disponible dans une large gamme de couleurs, il offre \u00e0 votre b\u00e9b\u00e9 chaleur et style. Chaque pi\u00e8ce est confectionn\u00e9e sur commande avec un d\u00e9lai de 15 jours \u00e0 3 semaines. Un choix id\u00e9al pour envelopper b\u00e9b\u00e9 de douceur d\u00e8s ses premiers jours.<\/p>","protected":false},"featured_media":6259,"comment_status":"open","ping_status":"closed","template":"","meta":{"_et_pb_use_builder":"","_et_pb_old_content":"","_et_gb_content_width":""},"product_brand":[],"product_cat":[147,81,82,91,197,238],"product_tag":[],"class_list":{"0":"post-6328","1":"product","2":"type-product","3":"status-publish","4":"has-post-thumbnail","6":"product_cat-creations","7":"product_cat-layette-0-a-18-mois","8":"product_cat-les-hauts-layette-0-a-24-mois","9":"product_cat-tout-voir-layette-0-a-24-mois","10":"product_cat-tricot","11":"product_cat-trousseau-de-naissance","12":"product_shipping_class-article-standard","14":"first","15":"instock","16":"shipping-taxable","17":"purchasable","18":"product-type-variable"},"_links":{"self":[{"href":"https:\/\/mesjoliesplumes.com\/en\/wp-json\/wp\/v2\/product\/6328","targetHints":{"allow":["GET"]}}],"collection":[{"href":"https:\/\/mesjoliesplumes.com\/en\/wp-json\/wp\/v2\/product"}],"about":[{"href":"https:\/\/mesjoliesplumes.com\/en\/wp-json\/wp\/v2\/types\/product"}],"replies":[{"embeddable":true,"href":"https:\/\/mesjoliesplumes.com\/en\/wp-json\/wp\/v2\/comments?post=6328"}],"wp:featuredmedia":[{"embeddable":true,"href":"https:\/\/mesjoliesplumes.com\/en\/wp-json\/wp\/v2\/media\/6259"}],"wp:attachment":[{"href":"https:\/\/mesjoliesplumes.com\/en\/wp-json\/wp\/v2\/media?parent=6328"}],"wp:term":[{"taxonomy":"product_brand","embeddable":true,"href":"https:\/\/mesjoliesplumes.com\/en\/wp-json\/wp\/v2\/product_brand?post=6328"},{"taxonomy":"product_cat","embeddable":true,"href":"https:\/\/mesjoliesplumes.com\/en\/wp-json\/wp\/v2\/product_cat?post=6328"},{"taxonomy":"product_tag","embeddable":true,"href":"https:\/\/mesjoliesplumes.com\/en\/wp-json\/wp\/v2\/product_tag?post=6328"}],"curies":[{"name":"wp","href":"https:\/\/api.w.org\/{rel}","templated":true}]}}