{"id":6331,"date":"2025-01-18T23:50:46","date_gmt":"2025-01-18T22:50:46","guid":{"rendered":"https:\/\/mesjoliesplumes.com\/?post_type=product&#038;p=6331"},"modified":"2025-01-20T15:48:38","modified_gmt":"2025-01-20T14:48:38","slug":"chaussons-en-cuir-bebe-sur-commande","status":"publish","type":"product","link":"https:\/\/mesjoliesplumes.com\/en\/boutique\/creations\/layette-0-a-18-mois\/les-accessoires\/chaussons-en-cuir-bebe-sur-commande\/","title":{"rendered":"Chaussons en cuir b\u00e9b\u00e9 &#8211; sur commande &#8211;"},"content":{"rendered":"<p><strong>Chaussons B\u00e9b\u00e9 Sur Mesure<br \/>\n<\/strong><\/p>\n<p>Offrez un cadeau de naissance unique et d\u00e9licat avec cette paire de chaussons b\u00e9b\u00e9 en cuir, disponible de la taille 0-3 mois \u00e0 12-18 mois. Confectionn\u00e9s sur mesure, ces chaussons peuvent \u00eatre personnalis\u00e9s avec le motif de votre choix, pour un petit d\u00e9tail qui rendra ce cadeau encore plus sp\u00e9cial.<\/p>\n<p><strong>Caract\u00e9ristiques :<\/strong><\/p>\n<ul>\n<li><strong>Confection sur mesure<\/strong> : Chaque paire de chaussons est r\u00e9alis\u00e9e \u00e0 la main selon vos souhaits.<\/li>\n<li><strong>Taille disponible<\/strong> : Choisissez entre les tailles 0-3 mois \u00e0 12-18 mois, id\u00e9ales pour un cadeau de naissance.<\/li>\n<li><strong>Personnalisation<\/strong> : Motif et couleurs au choix pour cr\u00e9er un design unique.<\/li>\n<li><strong>D\u00e9lai de fabrication<\/strong> : Comptez un d\u00e9lai de 4 semaines pour la confection.<\/li>\n<li><strong>Cuir de qualit\u00e9<\/strong> : Des chaussons doux et souples, offrant confort et s\u00e9curit\u00e9 \u00e0 la peau d\u00e9licate de b\u00e9b\u00e9.<\/li>\n<\/ul>\n<p>Un cadeau de naissance original et pratique, parfait pour apporter douceur et style aux premiers mois de b\u00e9b\u00e9 !<\/p>","protected":false},"excerpt":{"rendered":"<p><strong>Chaussons B\u00e9b\u00e9 Sur Mesure<br \/>\n<\/strong><\/p>\n<p>Offrez un cadeau de naissance unique avec cette paire de chaussons b\u00e9b\u00e9 en cuir, disponibles de la taille 0-3 mois \u00e0 12-18 mois. Personnalisables avec le motif et la couleur de votre choix, ils sont confectionn\u00e9s \u00e0 la main avec un d\u00e9lai de 4 semaines. Doux, confortables et \u00e9l\u00e9gants, ils sont parfaits pour un cadeau de naissance.<\/p>","protected":false},"featured_media":6252,"comment_status":"open","ping_status":"closed","template":"","meta":{"_et_pb_use_builder":"","_et_pb_old_content":"","_et_gb_content_width":""},"product_brand":[],"product_cat":[147,81,85,91],"product_tag":[],"class_list":{"0":"post-6331","1":"product","2":"type-product","3":"status-publish","4":"has-post-thumbnail","6":"product_cat-creations","7":"product_cat-layette-0-a-18-mois","8":"product_cat-les-accessoires","9":"product_cat-tout-voir-layette-0-a-24-mois","10":"product_shipping_class-article-standard","12":"first","13":"instock","14":"shipping-taxable","15":"purchasable","16":"product-type-variable"},"_links":{"self":[{"href":"https:\/\/mesjoliesplumes.com\/en\/wp-json\/wp\/v2\/product\/6331","targetHints":{"allow":["GET"]}}],"collection":[{"href":"https:\/\/mesjoliesplumes.com\/en\/wp-json\/wp\/v2\/product"}],"about":[{"href":"https:\/\/mesjoliesplumes.com\/en\/wp-json\/wp\/v2\/types\/product"}],"replies":[{"embeddable":true,"href":"https:\/\/mesjoliesplumes.com\/en\/wp-json\/wp\/v2\/comments?post=6331"}],"wp:featuredmedia":[{"embeddable":true,"href":"https:\/\/mesjoliesplumes.com\/en\/wp-json\/wp\/v2\/media\/6252"}],"wp:attachment":[{"href":"https:\/\/mesjoliesplumes.com\/en\/wp-json\/wp\/v2\/media?parent=6331"}],"wp:term":[{"taxonomy":"product_brand","embeddable":true,"href":"https:\/\/mesjoliesplumes.com\/en\/wp-json\/wp\/v2\/product_brand?post=6331"},{"taxonomy":"product_cat","embeddable":true,"href":"https:\/\/mesjoliesplumes.com\/en\/wp-json\/wp\/v2\/product_cat?post=6331"},{"taxonomy":"product_tag","embeddable":true,"href":"https:\/\/mesjoliesplumes.com\/en\/wp-json\/wp\/v2\/product_tag?post=6331"}],"curies":[{"name":"wp","href":"https:\/\/api.w.org\/{rel}","templated":true}]}}