{"id":6332,"date":"2025-01-18T23:58:40","date_gmt":"2025-01-18T22:58:40","guid":{"rendered":"https:\/\/mesjoliesplumes.com\/?post_type=product&#038;p=6332"},"modified":"2025-01-18T23:58:40","modified_gmt":"2025-01-18T22:58:40","slug":"sac-banane-femme-sur-commande","status":"publish","type":"product","link":"https:\/\/mesjoliesplumes.com\/en\/boutique\/creations\/adulte\/les-accessoires-adulte\/sac-banane-femme-sur-commande\/","title":{"rendered":"Sac banane femme &#8211; sur commande &#8211;"},"content":{"rendered":"<p><strong>Sac Banane Sur Mesure &#8211; Mod\u00e8le Personnalisable<\/strong><\/p>\n<p>Optez pour l&#8217;originalit\u00e9 avec ce sac banane confectionn\u00e9 sur mesure, alliant praticit\u00e9 et style. Le mod\u00e8le est modulable selon le patron choisi, et la bandouli\u00e8re peut \u00eatre nou\u00e9e \u00e0 la taille ou port\u00e9e en bandouli\u00e8re pour un look unique et adaptable. Disponible en une multitude de couleurs et de mod\u00e8les, ce sac est l&#8217;accessoire parfait pour allier confort et tendance.<\/p>\n<p><strong>Caract\u00e9ristiques :<\/strong><\/p>\n<ul>\n<li><strong>Confection sur mesure<\/strong> : Chaque sac banane est fabriqu\u00e9 \u00e0 la main selon le mod\u00e8le et le patron de votre choix.<\/li>\n<li><strong>Bandouli\u00e8re ajustable<\/strong> : La bandouli\u00e8re peut se nouer \u00e0 la taille ou \u00eatre port\u00e9e en bandouli\u00e8re pour un style personnalis\u00e9.<\/li>\n<li><strong>D\u00e9lai de fabrication<\/strong> : Comptez un d\u00e9lai de 15 jours pour la confection.<\/li>\n<li><strong>Personnalisable<\/strong> : Choisissez la couleur et le mod\u00e8le qui correspondent \u00e0 vos envies.<\/li>\n<li><strong>Design original<\/strong> : Un sac pratique, confortable et tendance, pour un look unique.<\/li>\n<\/ul>\n<p>Un accessoire incontournable, con\u00e7u pour s\u2019adapter \u00e0 vos besoins et votre style, tout en apportant une touche originale \u00e0 votre tenue !<\/p>","protected":false},"excerpt":{"rendered":"<p><strong>Sac Banane Sur Mesure<\/strong><\/p>\n<p>Optez pour ce sac banane original, fait sur mesure selon le mod\u00e8le et le patron de votre choix. La bandouli\u00e8re peut \u00eatre nou\u00e9e \u00e0 la taille ou port\u00e9e en bandouli\u00e8re pour un look personnalis\u00e9. Disponible en couleurs et mod\u00e8les vari\u00e9s, il est confectionn\u00e9 \u00e0 la main avec un d\u00e9lai de 15 jours. Un accessoire pratique et tendance, qui s\u2019adapte \u00e0 votre style !<\/p>","protected":false},"featured_media":6250,"comment_status":"open","ping_status":"closed","template":"","meta":{"_et_pb_use_builder":"","_et_pb_old_content":"","_et_gb_content_width":""},"product_brand":[],"product_cat":[87,147,89,90],"product_tag":[],"class_list":{"0":"post-6332","1":"product","2":"type-product","3":"status-publish","4":"has-post-thumbnail","6":"product_cat-adulte","7":"product_cat-creations","8":"product_cat-les-accessoires-adulte","9":"product_cat-tout-voir-adulte","11":"first","12":"instock","13":"shipping-taxable","14":"purchasable","15":"product-type-simple"},"_links":{"self":[{"href":"https:\/\/mesjoliesplumes.com\/en\/wp-json\/wp\/v2\/product\/6332","targetHints":{"allow":["GET"]}}],"collection":[{"href":"https:\/\/mesjoliesplumes.com\/en\/wp-json\/wp\/v2\/product"}],"about":[{"href":"https:\/\/mesjoliesplumes.com\/en\/wp-json\/wp\/v2\/types\/product"}],"replies":[{"embeddable":true,"href":"https:\/\/mesjoliesplumes.com\/en\/wp-json\/wp\/v2\/comments?post=6332"}],"wp:featuredmedia":[{"embeddable":true,"href":"https:\/\/mesjoliesplumes.com\/en\/wp-json\/wp\/v2\/media\/6250"}],"wp:attachment":[{"href":"https:\/\/mesjoliesplumes.com\/en\/wp-json\/wp\/v2\/media?parent=6332"}],"wp:term":[{"taxonomy":"product_brand","embeddable":true,"href":"https:\/\/mesjoliesplumes.com\/en\/wp-json\/wp\/v2\/product_brand?post=6332"},{"taxonomy":"product_cat","embeddable":true,"href":"https:\/\/mesjoliesplumes.com\/en\/wp-json\/wp\/v2\/product_cat?post=6332"},{"taxonomy":"product_tag","embeddable":true,"href":"https:\/\/mesjoliesplumes.com\/en\/wp-json\/wp\/v2\/product_tag?post=6332"}],"curies":[{"name":"wp","href":"https:\/\/api.w.org\/{rel}","templated":true}]}}