{"id":6334,"date":"2025-01-19T00:09:36","date_gmt":"2025-01-18T23:09:36","guid":{"rendered":"https:\/\/mesjoliesplumes.com\/?post_type=product&#038;p=6334"},"modified":"2025-01-20T15:41:37","modified_gmt":"2025-01-20T14:41:37","slug":"sweat-femme-colorblock-sur-commande","status":"publish","type":"product","link":"https:\/\/mesjoliesplumes.com\/en\/boutique\/creations\/adulte\/tout-voir-adulte\/sweat-femme-colorblock-sur-commande\/","title":{"rendered":"Sweat femme Colorblock &#8211; sur commande &#8211;"},"content":{"rendered":"<p><strong>Sweat Femme colorblock<br \/>\n<\/strong><\/p>\n<p>Adoptez un style unique et tendance avec ce sweat femme colorblock, confectionn\u00e9 sur mesure pour vous. Con\u00e7u pour offrir un confort optimal, ce mod\u00e8le modulable vous permet de choisir vos tissus et couleurs pr\u00e9f\u00e9r\u00e9s pour un sweat totalement personnalis\u00e9. Son design original et sa coupe moderne feront de ce v\u00eatement un incontournable de votre garde-robe.<\/p>\n<p><strong>Caract\u00e9ristiques :<\/strong><\/p>\n<ul>\n<li><strong>Confection sur mesure<\/strong> : Chaque sweat est fait main selon vos choix de tissus et couleurs.<\/li>\n<li><strong>Modulable \u00e0 volont\u00e9<\/strong> : S\u00e9lectionnez les tissus et couleurs qui correspondent \u00e0 vos envies pour cr\u00e9er un mod\u00e8le unique.<\/li>\n<li><strong>D\u00e9lai de fabrication<\/strong> : Comptez un d\u00e9lai de 15 jours pour la confection.<\/li>\n<li><strong>Confort et style<\/strong> : Un sweat doux, confortable et \u00e9l\u00e9gant, parfait pour toutes les occasions.<\/li>\n<li><strong>Design original<\/strong> : Un look colorblock moderne qui vous d\u00e9marque avec une touche de cr\u00e9ativit\u00e9.<\/li>\n<\/ul>\n<p>Un sweat tendance et personnalisable, pour un style \u00e0 la fois d\u00e9contract\u00e9 et original.<\/p>\n<p>Taille : du 34 au 44<\/p>","protected":false},"excerpt":{"rendered":"<p><strong>Sweat Femme Colorblock &#8211; sur commande &#8211;<br \/>\n<\/strong><\/p>\n<p>Optez pour un sweat femme colorblock unique, con\u00e7u sur mesure selon vos choix de tissus et couleurs. Confortable et original, il est modulable \u00e0 volont\u00e9 pour un style personnalis\u00e9. D\u00e9lai de fabrication : 15 jours. Un incontournable tendance et personnalis\u00e9 pour votre garde-robe !<\/p>\n<p>Taille : du 34 au 44<\/p>","protected":false},"featured_media":6273,"comment_status":"open","ping_status":"closed","template":"","meta":{"_et_pb_use_builder":"","_et_pb_old_content":"","_et_gb_content_width":""},"product_brand":[],"product_cat":[87,147,90],"product_tag":[],"class_list":{"0":"post-6334","1":"product","2":"type-product","3":"status-publish","4":"has-post-thumbnail","6":"product_cat-adulte","7":"product_cat-creations","8":"product_cat-tout-voir-adulte","9":"product_shipping_class-article-standard","11":"first","12":"instock","13":"shipping-taxable","14":"purchasable","15":"product-type-variable"},"_links":{"self":[{"href":"https:\/\/mesjoliesplumes.com\/en\/wp-json\/wp\/v2\/product\/6334","targetHints":{"allow":["GET"]}}],"collection":[{"href":"https:\/\/mesjoliesplumes.com\/en\/wp-json\/wp\/v2\/product"}],"about":[{"href":"https:\/\/mesjoliesplumes.com\/en\/wp-json\/wp\/v2\/types\/product"}],"replies":[{"embeddable":true,"href":"https:\/\/mesjoliesplumes.com\/en\/wp-json\/wp\/v2\/comments?post=6334"}],"wp:featuredmedia":[{"embeddable":true,"href":"https:\/\/mesjoliesplumes.com\/en\/wp-json\/wp\/v2\/media\/6273"}],"wp:attachment":[{"href":"https:\/\/mesjoliesplumes.com\/en\/wp-json\/wp\/v2\/media?parent=6334"}],"wp:term":[{"taxonomy":"product_brand","embeddable":true,"href":"https:\/\/mesjoliesplumes.com\/en\/wp-json\/wp\/v2\/product_brand?post=6334"},{"taxonomy":"product_cat","embeddable":true,"href":"https:\/\/mesjoliesplumes.com\/en\/wp-json\/wp\/v2\/product_cat?post=6334"},{"taxonomy":"product_tag","embeddable":true,"href":"https:\/\/mesjoliesplumes.com\/en\/wp-json\/wp\/v2\/product_tag?post=6334"}],"curies":[{"name":"wp","href":"https:\/\/api.w.org\/{rel}","templated":true}]}}