{"id":6335,"date":"2025-01-19T00:19:07","date_gmt":"2025-01-18T23:19:07","guid":{"rendered":"https:\/\/mesjoliesplumes.com\/?post_type=product&#038;p=6335"},"modified":"2025-01-21T14:00:54","modified_gmt":"2025-01-21T13:00:54","slug":"combinaison-louison-sur-commande","status":"publish","type":"product","link":"https:\/\/mesjoliesplumes.com\/en\/boutique\/creations\/layette-0-a-18-mois\/les-robes-combis-layette-0-a-24-mois\/combinaison-louison-sur-commande\/","title":{"rendered":"Combinaison Louison &#8211; sur commande &#8211;"},"content":{"rendered":"<p><strong>Combinaison Louison &#8211; sur commande &#8211;<br \/>\n<\/strong><\/p>\n<p>Offrez un cadeau de naissance \u00e0 la fois doux et confortable avec cette combinaison b\u00e9b\u00e9 en sweat French Terry. Disponible de la taille naissance \u00e0 12 mois, elle est id\u00e9ale pour garder b\u00e9b\u00e9 au chaud tout en lui offrant une grande libert\u00e9 de mouvement. Le mod\u00e8le est personnalisable en fonction du tissu disponible, pour un look unique et adapt\u00e9 \u00e0 vos envies.<\/p>\n<p><strong>Caract\u00e9ristiques :<\/strong><\/p>\n<ul>\n<li><strong>Confection sur mesure<\/strong> : Chaque combinaison est r\u00e9alis\u00e9e \u00e0 la main selon le mod\u00e8le et les tissus disponibles.<\/li>\n<li><strong>Tailles disponibles<\/strong> : De la taille naissance \u00e0 12 mois.<\/li>\n<li><strong>Personnalisable<\/strong> : Couleurs et mod\u00e8le au choix, selon vos pr\u00e9f\u00e9rences.<\/li>\n<li><strong>D\u00e9lai de fabrication<\/strong> : Comptez un d\u00e9lai de 2 semaines pour la confection.<\/li>\n<li><strong>Confort optimal<\/strong> : Confectionn\u00e9e en sweat French Terry doux et agr\u00e9able, pour le bien-\u00eatre de b\u00e9b\u00e9.<\/li>\n<\/ul>\n<p>Un cadeau de naissance unique, confortable et pratique, qui allie douceur et style pour les premiers mois de b\u00e9b\u00e9 !<\/p>","protected":false},"excerpt":{"rendered":"<p>**Combinaison Louison &#8211; sur commande -**<\/p>\n<p>Offrez un cadeau de naissance unique avec cette combinaison b\u00e9b\u00e9 en sweat French Terry, disponible en tailles 0-3 mois et 3-6 mois. Personnalisable selon le mod\u00e8le et les couleurs de votre choix, elle est confectionn\u00e9e sur mesure avec un d\u00e9lai de 2 semaines. Douce et confortable, elle est id\u00e9ale pour les premiers mois de b\u00e9b\u00e9.<\/p>","protected":false},"featured_media":6257,"comment_status":"open","ping_status":"closed","template":"","meta":{"_et_pb_use_builder":"","_et_pb_old_content":"","_et_gb_content_width":""},"product_brand":[],"product_cat":[147,81,84,91,238],"product_tag":[],"class_list":{"0":"post-6335","1":"product","2":"type-product","3":"status-publish","4":"has-post-thumbnail","6":"product_cat-creations","7":"product_cat-layette-0-a-18-mois","8":"product_cat-les-robes-combis-layette-0-a-24-mois","9":"product_cat-tout-voir-layette-0-a-24-mois","10":"product_cat-trousseau-de-naissance","11":"product_shipping_class-article-standard","13":"first","14":"instock","15":"shipping-taxable","16":"purchasable","17":"product-type-variable"},"_links":{"self":[{"href":"https:\/\/mesjoliesplumes.com\/en\/wp-json\/wp\/v2\/product\/6335","targetHints":{"allow":["GET"]}}],"collection":[{"href":"https:\/\/mesjoliesplumes.com\/en\/wp-json\/wp\/v2\/product"}],"about":[{"href":"https:\/\/mesjoliesplumes.com\/en\/wp-json\/wp\/v2\/types\/product"}],"replies":[{"embeddable":true,"href":"https:\/\/mesjoliesplumes.com\/en\/wp-json\/wp\/v2\/comments?post=6335"}],"wp:featuredmedia":[{"embeddable":true,"href":"https:\/\/mesjoliesplumes.com\/en\/wp-json\/wp\/v2\/media\/6257"}],"wp:attachment":[{"href":"https:\/\/mesjoliesplumes.com\/en\/wp-json\/wp\/v2\/media?parent=6335"}],"wp:term":[{"taxonomy":"product_brand","embeddable":true,"href":"https:\/\/mesjoliesplumes.com\/en\/wp-json\/wp\/v2\/product_brand?post=6335"},{"taxonomy":"product_cat","embeddable":true,"href":"https:\/\/mesjoliesplumes.com\/en\/wp-json\/wp\/v2\/product_cat?post=6335"},{"taxonomy":"product_tag","embeddable":true,"href":"https:\/\/mesjoliesplumes.com\/en\/wp-json\/wp\/v2\/product_tag?post=6335"}],"curies":[{"name":"wp","href":"https:\/\/api.w.org\/{rel}","templated":true}]}}