{"id":6336,"date":"2025-01-19T00:44:41","date_gmt":"2025-01-18T23:44:41","guid":{"rendered":"https:\/\/mesjoliesplumes.com\/?post_type=product&#038;p=6336"},"modified":"2025-01-20T15:28:40","modified_gmt":"2025-01-20T14:28:40","slug":"robe-dahlia-sur-commande","status":"publish","type":"product","link":"https:\/\/mesjoliesplumes.com\/en\/boutique\/creations\/enfant\/accessoires\/robe-dahlia-sur-commande\/","title":{"rendered":"Robe Dahlia &#8211; sur commande &#8211;"},"content":{"rendered":"<p><strong>Robe Dahlia &#8211; sur commande &#8211;<br \/>\n<\/strong><\/p>\n<p>Offrez \u00e0 votre petite une touche d\u2019\u00e9l\u00e9gance avec la robe Dahlia et son dos ouvert, un mod\u00e8le sur mesure qui allie raffinement et confort. Disponible de la taille 2 ans \u00e0 10 ans, cette robe peut \u00eatre personnalis\u00e9e selon le tissu et la couleur de votre choix, pour un look unique et adapt\u00e9 \u00e0 vos envies. Le dos ouvert apporte une touche de l\u00e9g\u00e8ret\u00e9 et de modernit\u00e9, id\u00e9ale pour les occasions sp\u00e9ciales ou le quotidien.<\/p>\n<p><strong>Caract\u00e9ristiques :<\/strong><\/p>\n<ul>\n<li><strong>Confection sur mesure<\/strong> : Chaque robe est r\u00e9alis\u00e9e \u00e0 la main selon le mod\u00e8le et les tissus disponibles.<\/li>\n<li><strong>Tailles disponibles<\/strong> : 2 \u00e0 10 ans, pour s\u2019adapter parfaitement \u00e0 la silhouette de votre enfant.<\/li>\n<li><strong>Personnalisable<\/strong> : Couleurs et mod\u00e8le au choix selon vos pr\u00e9f\u00e9rences.<\/li>\n<li><strong>D\u00e9lai de fabrication<\/strong> : Comptez un d\u00e9lai de 3 semaines pour la confection.<\/li>\n<li><strong>Design \u00e9l\u00e9gant<\/strong> : La coupe avec dos ouvert ajoute une touche moderne et a\u00e9rienne, parfaite pour les petites modeuses.<\/li>\n<\/ul>\n<p>Une robe unique et \u00e9l\u00e9gante pour sublimer les tenues de votre enfant, \u00e0 la fois pratique et pleine de style.<\/p>","protected":false},"excerpt":{"rendered":"<p><strong>Robe Dahlia &#8211; sur commande &#8211;<br \/>\n<\/strong><\/p>\n<p>Offrez une robe \u00e9l\u00e9gante et unique avec la robe Dahlia et son dos ouvert, disponible en tailles 2 \u00e0 10 ans. Personnalisable selon le tissu et la couleur de votre choix, elle est confectionn\u00e9e sur mesure avec un d\u00e9lai de 3 semaines. Le dos ouvert et son design moderne en font une pi\u00e8ce parfaite pour toutes les occasions.<\/p>","protected":false},"featured_media":6324,"comment_status":"open","ping_status":"closed","template":"","meta":{"_et_pb_use_builder":"","_et_pb_old_content":"","_et_gb_content_width":""},"product_brand":[],"product_cat":[147,61,62,79],"product_tag":[],"class_list":{"0":"post-6336","1":"product","2":"type-product","3":"status-publish","4":"has-post-thumbnail","6":"product_cat-creations","7":"product_cat-enfant","8":"product_cat-accessoires","9":"product_cat-les-robes-combis","10":"product_shipping_class-article-standard","12":"first","13":"instock","14":"shipping-taxable","15":"purchasable","16":"product-type-variable"},"_links":{"self":[{"href":"https:\/\/mesjoliesplumes.com\/en\/wp-json\/wp\/v2\/product\/6336","targetHints":{"allow":["GET"]}}],"collection":[{"href":"https:\/\/mesjoliesplumes.com\/en\/wp-json\/wp\/v2\/product"}],"about":[{"href":"https:\/\/mesjoliesplumes.com\/en\/wp-json\/wp\/v2\/types\/product"}],"replies":[{"embeddable":true,"href":"https:\/\/mesjoliesplumes.com\/en\/wp-json\/wp\/v2\/comments?post=6336"}],"wp:featuredmedia":[{"embeddable":true,"href":"https:\/\/mesjoliesplumes.com\/en\/wp-json\/wp\/v2\/media\/6324"}],"wp:attachment":[{"href":"https:\/\/mesjoliesplumes.com\/en\/wp-json\/wp\/v2\/media?parent=6336"}],"wp:term":[{"taxonomy":"product_brand","embeddable":true,"href":"https:\/\/mesjoliesplumes.com\/en\/wp-json\/wp\/v2\/product_brand?post=6336"},{"taxonomy":"product_cat","embeddable":true,"href":"https:\/\/mesjoliesplumes.com\/en\/wp-json\/wp\/v2\/product_cat?post=6336"},{"taxonomy":"product_tag","embeddable":true,"href":"https:\/\/mesjoliesplumes.com\/en\/wp-json\/wp\/v2\/product_tag?post=6336"}],"curies":[{"name":"wp","href":"https:\/\/api.w.org\/{rel}","templated":true}]}}