{"id":6340,"date":"2025-01-19T01:11:40","date_gmt":"2025-01-19T00:11:40","guid":{"rendered":"https:\/\/mesjoliesplumes.com\/?post_type=product&#038;p=6340"},"modified":"2025-01-20T13:28:40","modified_gmt":"2025-01-20T12:28:40","slug":"duo-mere-fille-les-jupes-maya-sur-commande","status":"publish","type":"product","link":"https:\/\/mesjoliesplumes.com\/en\/boutique\/creations\/enfant\/les-bas\/duo-mere-fille-les-jupes-maya-sur-commande\/","title":{"rendered":"Duo M\u00e8re-Fille : les jupes Maya &#8211; Sur commande &#8211;"},"content":{"rendered":"<p><strong>Duo M\u00e8re-Fille : les jupes Maya &#8211; Sur commande &#8211; <\/strong><\/p>\n<p>Cr\u00e9ez un look complice et \u00e9l\u00e9gant avec ce duo de jupes m\u00e8re-fille, con\u00e7u sur mesure pour vous et votre petite. Disponible en tissus doux et respirants comme la viscose, le coton ou la double gaze, ce mod\u00e8le &#8220;matchy matchy&#8221; vous permettra de partager des moments de complicit\u00e9 tout en restant \u00e0 la mode. Personnalisez les couleurs et le mod\u00e8le selon vos envies pour une tenue parfaitement assortie.<\/p>\n<p><strong>Caract\u00e9ristiques :<\/strong><\/p>\n<ul>\n<li><strong>Confection sur mesure<\/strong> : Chaque duo de jupes est fait \u00e0 la main selon vos choix de tissu, couleur et mod\u00e8le.<\/li>\n<li><strong>Tissus disponibles<\/strong> : Viscose, coton ou double gaze, pour allier confort et style tout au long de l\u2019ann\u00e9e.<\/li>\n<li><strong>D\u00e9lai de fabrication<\/strong> : Comptez un d\u00e9lai de 3 \u00e0 4 semaines pour la confection.<\/li>\n<li><strong>Personnalisable<\/strong> : Choisissez la couleur et le mod\u00e8le qui vous correspondent pour cr\u00e9er un duo unique.<\/li>\n<li><strong>Prix \u00e9volutif<\/strong> : Le prix varie en fonction du tissu et de la taille choisie.<\/li>\n<\/ul>\n<p>Un duo id\u00e9al pour afficher votre complicit\u00e9 avec style, tout en offrant confort et douceur \u00e0 votre enfant.<\/p>","protected":false},"excerpt":{"rendered":"<p><strong>Duo M\u00e8re-Fille : les jupes Maya &#8211; Sur commande &#8211;<br \/>\n<\/strong><\/p>\n<p>Cr\u00e9ez un look assorti avec ce duo de jupes m\u00e8re-fille, disponible en viscose, coton ou double gaze. Personnalisez les couleurs et le mod\u00e8le selon vos envies. Confection sur mesure avec un d\u00e9lai de 3 \u00e0 4 semaines. Prix \u00e9volutif en fonction du tissu et de la taille choisie. Un duo \u00e9l\u00e9gant et confortable pour vous et votre petite !<\/p>","protected":false},"featured_media":6309,"comment_status":"open","ping_status":"closed","template":"","meta":{"_et_pb_use_builder":"","_et_pb_old_content":"","_et_gb_content_width":""},"product_brand":[],"product_cat":[87,147,61,60,198,80,90],"product_tag":[],"class_list":{"0":"post-6340","1":"product","2":"type-product","3":"status-publish","4":"has-post-thumbnail","6":"product_cat-adulte","7":"product_cat-creations","8":"product_cat-enfant","9":"product_cat-les-bas","10":"product_cat-matchy-matchy","11":"product_cat-tout-voir","12":"product_cat-tout-voir-adulte","13":"product_shipping_class-article-standard","15":"first","16":"instock","17":"shipping-taxable","18":"purchasable","19":"product-type-variable"},"_links":{"self":[{"href":"https:\/\/mesjoliesplumes.com\/en\/wp-json\/wp\/v2\/product\/6340","targetHints":{"allow":["GET"]}}],"collection":[{"href":"https:\/\/mesjoliesplumes.com\/en\/wp-json\/wp\/v2\/product"}],"about":[{"href":"https:\/\/mesjoliesplumes.com\/en\/wp-json\/wp\/v2\/types\/product"}],"replies":[{"embeddable":true,"href":"https:\/\/mesjoliesplumes.com\/en\/wp-json\/wp\/v2\/comments?post=6340"}],"wp:featuredmedia":[{"embeddable":true,"href":"https:\/\/mesjoliesplumes.com\/en\/wp-json\/wp\/v2\/media\/6309"}],"wp:attachment":[{"href":"https:\/\/mesjoliesplumes.com\/en\/wp-json\/wp\/v2\/media?parent=6340"}],"wp:term":[{"taxonomy":"product_brand","embeddable":true,"href":"https:\/\/mesjoliesplumes.com\/en\/wp-json\/wp\/v2\/product_brand?post=6340"},{"taxonomy":"product_cat","embeddable":true,"href":"https:\/\/mesjoliesplumes.com\/en\/wp-json\/wp\/v2\/product_cat?post=6340"},{"taxonomy":"product_tag","embeddable":true,"href":"https:\/\/mesjoliesplumes.com\/en\/wp-json\/wp\/v2\/product_tag?post=6340"}],"curies":[{"name":"wp","href":"https:\/\/api.w.org\/{rel}","templated":true}]}}