{"id":6351,"date":"2025-01-19T17:02:05","date_gmt":"2025-01-19T16:02:05","guid":{"rendered":"https:\/\/mesjoliesplumes.com\/?post_type=product&#038;p=6351"},"modified":"2025-01-20T10:46:20","modified_gmt":"2025-01-20T09:46:20","slug":"sweat-capuche-leonie-sur-commande","status":"publish","type":"product","link":"https:\/\/mesjoliesplumes.com\/en\/boutique\/creations\/adulte\/tout-voir-adulte\/sweat-capuche-leonie-sur-commande\/","title":{"rendered":"Sweat capuche L\u00e9onie &#8211; sur commande &#8211;"},"content":{"rendered":"<p><strong>Sweat \u00e0 Capuche L\u00e9onie<\/strong><\/p>\n<p>Offrez-vous un confort absolu avec notre sweat \u00e0 capuche fait main pour femme, confectionn\u00e9 avec soin dans un tissu <strong>French Terry<\/strong> de qualit\u00e9 sup\u00e9rieure. Parfait pour ajouter une touche moderne et d\u00e9contract\u00e9e \u00e0 votre garde-robe, ce mod\u00e8le court (crop) allie \u00e0 la fois style et confort.<\/p>\n<h3>Caract\u00e9ristiques :<\/h3>\n<ul>\n<li><strong>Mati\u00e8re<\/strong> : 100% <strong>French Terry<\/strong>, doux et respirant, id\u00e9al pour la mi-saison.<\/li>\n<li><strong>Coupe<\/strong> : <strong>Crop<\/strong>, pour une silhouette f\u00e9minine et tendance.<\/li>\n<li><strong>Capuche<\/strong> : Large capuche pour y caser tous ses cheveux !<\/li>\n<li><strong>handmade<\/strong> : Chaque sweat est minutieusement confectionn\u00e9 \u00e0 la main pour garantir une qualit\u00e9 exceptionnelle et unique.<\/li>\n<li><strong>Finitions<\/strong> : Coutures soign\u00e9es et d\u00e9tails raffin\u00e9s pour un look \u00e0 la fois casual et \u00e9l\u00e9gant.<\/li>\n<\/ul>\n<h3>Points forts :<\/h3>\n<ul>\n<li><strong>Confort optimal<\/strong> : Le tissu <strong>French Terry<\/strong> est ultra doux et agr\u00e9able \u00e0 porter, tout en offrant une bonne respirabilit\u00e9.<\/li>\n<li><strong>Tendance<\/strong> : Sa coupe crop s\u2019adapte \u00e0 toutes les tenues, id\u00e9ale avec un jean taille haute ou un legging.<\/li>\n<li><strong>Polyvalent<\/strong> : Parfait pour les journ\u00e9es d\u00e9contract\u00e9es, les sorties entre amis ou pour se d\u00e9tendre \u00e0 la maison.<\/li>\n<li><strong>Confection artisanale<\/strong> : Chaque pi\u00e8ce est soigneusement r\u00e9alis\u00e9e \u00e0 la main, pour un produit unique et de qualit\u00e9.<\/li>\n<\/ul>\n<h3>D\u00e9lais de confection :<\/h3>\n<ul>\n<li><strong>D\u00e9lai de confection<\/strong> : 15 jours ouvr\u00e9s. Chaque sweat est fabriqu\u00e9 sur commande pour garantir un produit parfaitement adapt\u00e9 \u00e0 vos attentes.<\/li>\n<\/ul>\n<h3>Tailles disponibles :<\/h3>\n<ul>\n<li>XS, S, M, L ou XL<\/li>\n<\/ul>\n<h3>Entretien :<\/h3>\n<ul>\n<li>Lavage \u00e0 30\u00b0C recommand\u00e9.<\/li>\n<li>Ne pas utiliser de javel.<\/li>\n<li>S\u00e9chage \u00e0 l\u2019air libre ou en s\u00e8che-linge \u00e0 basse temp\u00e9rature.<\/li>\n<\/ul>","protected":false},"excerpt":{"rendered":"<p><strong>Sweat \u00e0 Capuche L\u00e9onie<\/strong><\/p>\n<p>Un sweat \u00e0 capuche f\u00e9minin, fait main, dans un tissu <strong>French Terry<\/strong> doux et confortable. Sa coupe <strong>crop<\/strong> et son cordon \u00e0 nouer \u00e0 la taille ajoutent une touche tendance \u00e0 votre garde-robe.<\/p>\n<h3>Caract\u00e9ristiques :<\/h3>\n<ul>\n<li><strong>Mati\u00e8re<\/strong> : 100% <strong>French Terry<\/strong>.<\/li>\n<li><strong>Coupe<\/strong> : Crop, ajust\u00e9e et moderne.<\/li>\n<li><strong>Capuche<\/strong> : large capuche doubl\u00e9e.<\/li>\n<li><strong>Confection artisanale<\/strong> : Fait main pour un produit unique.<\/li>\n<\/ul>\n<h3>D\u00e9lai de confection :<\/h3>\n<ul>\n<li><strong>15 jours ouvr\u00e9s<\/strong>.<\/li>\n<\/ul>\n<h3>Tailles disponibles :<\/h3>\n<ul>\n<li>XS, S, M, L ou XL.<\/li>\n<\/ul>\n<h3>Entretien :<\/h3>\n<ul>\n<li>Lavage \u00e0 30\u00b0C recommand\u00e9.<\/li>\n<\/ul>","protected":false},"featured_media":6272,"comment_status":"open","ping_status":"closed","template":"","meta":{"_et_pb_use_builder":"on","_et_pb_old_content":"<strong>Sweat \u00e0 Capuche L\u00e9onie<\/strong>\r\n\r\nOffrez-vous un confort absolu avec notre sweat \u00e0 capuche fait main pour femme, confectionn\u00e9 avec soin dans un tissu <strong>French Terry<\/strong> de qualit\u00e9 sup\u00e9rieure. Parfait pour ajouter une touche moderne et d\u00e9contract\u00e9e \u00e0 votre garde-robe, ce mod\u00e8le court (crop) allie \u00e0 la fois style et confort.\r\n<h3>Caract\u00e9ristiques :<\/h3>\r\n<ul>\r\n \t<li><strong>Mati\u00e8re<\/strong> : 100% <strong>French Terry<\/strong>, doux et respirant, id\u00e9al pour la mi-saison.<\/li>\r\n \t<li><strong>Coupe<\/strong> : <strong>Crop<\/strong>, pour une silhouette f\u00e9minine et tendance.<\/li>\r\n \t<li><strong>Capuche<\/strong> : Large capuche pour y caser tous ses cheveux !<\/li>\r\n \t<li><strong>Fait main<\/strong> : Chaque sweat est minutieusement confectionn\u00e9 \u00e0 la main pour garantir une qualit\u00e9 exceptionnelle et unique.<\/li>\r\n \t<li><strong>Finitions<\/strong> : Coutures soign\u00e9es et d\u00e9tails raffin\u00e9s pour un look \u00e0 la fois casual et \u00e9l\u00e9gant.<\/li>\r\n<\/ul>\r\n<h3>Points forts :<\/h3>\r\n<ul>\r\n \t<li><strong>Confort optimal<\/strong> : Le tissu <strong>French Terry<\/strong> est ultra doux et agr\u00e9able \u00e0 porter, tout en offrant une bonne respirabilit\u00e9.<\/li>\r\n \t<li><strong>Tendance<\/strong> : Sa coupe crop s\u2019adapte \u00e0 toutes les tenues, id\u00e9ale avec un jean taille haute ou un legging.<\/li>\r\n \t<li><strong>Polyvalent<\/strong> : Parfait pour les journ\u00e9es d\u00e9contract\u00e9es, les sorties entre amis ou pour se d\u00e9tendre \u00e0 la maison.<\/li>\r\n \t<li><strong>Confection artisanale<\/strong> : Chaque pi\u00e8ce est soigneusement r\u00e9alis\u00e9e \u00e0 la main, pour un produit unique et de qualit\u00e9.<\/li>\r\n<\/ul>\r\n<h3>D\u00e9lais de confection :<\/h3>\r\n<ul>\r\n \t<li><strong>D\u00e9lai de confection<\/strong> : 15 jours ouvr\u00e9s. Chaque sweat est fabriqu\u00e9 sur commande pour garantir un produit parfaitement adapt\u00e9 \u00e0 vos attentes.<\/li>\r\n<\/ul>\r\n<h3>Tailles disponibles :<\/h3>\r\n<ul>\r\n \t<li>XS, S, M, L ou XL<\/li>\r\n<\/ul>\r\n<h3>Entretien :<\/h3>\r\n<ul>\r\n \t<li>Lavage \u00e0 30\u00b0C recommand\u00e9.<\/li>\r\n \t<li>Ne pas utiliser de javel.<\/li>\r\n \t<li>S\u00e9chage \u00e0 l\u2019air libre ou en s\u00e8che-linge \u00e0 basse temp\u00e9rature.<\/li>\r\n<\/ul>","_et_gb_content_width":""},"product_brand":[],"product_cat":[87,147,90],"product_tag":[],"class_list":{"0":"post-6351","1":"product","2":"type-product","3":"status-publish","4":"has-post-thumbnail","6":"product_cat-adulte","7":"product_cat-creations","8":"product_cat-tout-voir-adulte","9":"product_shipping_class-article-standard","11":"first","12":"instock","13":"shipping-taxable","14":"purchasable","15":"product-type-variable"},"_links":{"self":[{"href":"https:\/\/mesjoliesplumes.com\/en\/wp-json\/wp\/v2\/product\/6351","targetHints":{"allow":["GET"]}}],"collection":[{"href":"https:\/\/mesjoliesplumes.com\/en\/wp-json\/wp\/v2\/product"}],"about":[{"href":"https:\/\/mesjoliesplumes.com\/en\/wp-json\/wp\/v2\/types\/product"}],"replies":[{"embeddable":true,"href":"https:\/\/mesjoliesplumes.com\/en\/wp-json\/wp\/v2\/comments?post=6351"}],"wp:featuredmedia":[{"embeddable":true,"href":"https:\/\/mesjoliesplumes.com\/en\/wp-json\/wp\/v2\/media\/6272"}],"wp:attachment":[{"href":"https:\/\/mesjoliesplumes.com\/en\/wp-json\/wp\/v2\/media?parent=6351"}],"wp:term":[{"taxonomy":"product_brand","embeddable":true,"href":"https:\/\/mesjoliesplumes.com\/en\/wp-json\/wp\/v2\/product_brand?post=6351"},{"taxonomy":"product_cat","embeddable":true,"href":"https:\/\/mesjoliesplumes.com\/en\/wp-json\/wp\/v2\/product_cat?post=6351"},{"taxonomy":"product_tag","embeddable":true,"href":"https:\/\/mesjoliesplumes.com\/en\/wp-json\/wp\/v2\/product_tag?post=6351"}],"curies":[{"name":"wp","href":"https:\/\/api.w.org\/{rel}","templated":true}]}}