{"id":6353,"date":"2025-01-19T17:37:04","date_gmt":"2025-01-19T16:37:04","guid":{"rendered":"https:\/\/mesjoliesplumes.com\/?post_type=product&#038;p=6353"},"modified":"2025-01-21T14:26:42","modified_gmt":"2025-01-21T13:26:42","slug":"bonnet-turban-mia-sur-commande","status":"publish","type":"product","link":"https:\/\/mesjoliesplumes.com\/en\/boutique\/creations\/layette-0-a-18-mois\/les-accessoires\/bonnet-turban-mia-sur-commande\/","title":{"rendered":"Bonnet turban Mia &#8211; sur commande &#8211;"},"content":{"rendered":"<hr \/>\n<h3><strong>Bonnet Turban Mia<\/strong><\/h3>\n<p>Offrez \u00e0 votre b\u00e9b\u00e9 un look doux et styl\u00e9 avec ce bonnet turban fait main, fabriqu\u00e9 dans un tissu <strong>French Terry<\/strong> ultra-doux. Son noeud d\u00e9coratif sur le devant apporte une touche \u00e9l\u00e9gante et moderne \u00e0 ce mod\u00e8le intemporel.<\/p>\n<h3>Caract\u00e9ristiques :<\/h3>\n<ul>\n<li><strong>Mati\u00e8re<\/strong> : 100% <strong>French Terry<\/strong>, doux et confortable pour la peau d\u00e9licate de b\u00e9b\u00e9.<\/li>\n<li><strong>Design<\/strong> : Turban avec <strong>noeud sur le devant<\/strong>, pour un look chic et tendance.<\/li>\n<li><strong>handmade<\/strong> : Chaque bonnet est minutieusement confectionn\u00e9 \u00e0 la main, assurant une qualit\u00e9 unique et personnalis\u00e9e.<\/li>\n<\/ul>\n<h3>D\u00e9lai de confection :<\/h3>\n<ul>\n<li><strong>15 jours ouvr\u00e9s<\/strong>.<\/li>\n<\/ul>\n<h3>Tailles disponibles :<\/h3>\n<ul>\n<li>De 0 \u00e0 12 mois<\/li>\n<\/ul>\n<h3>Entretien :<\/h3>\n<ul>\n<li>Lavage \u00e0 30\u00b0C recommand\u00e9.<\/li>\n<li>S\u00e9chage \u00e0 l&#8217;air libre.<\/li>\n<\/ul>\n<hr \/>","protected":false},"excerpt":{"rendered":"<p><strong>Bonnet Turban Mia<\/strong><\/p>\n<p>Un bonnet turban doux et \u00e9l\u00e9gant pour b\u00e9b\u00e9, fait main en <strong>French Terry<\/strong>, avec un <strong>noeud sur le devant<\/strong> pour un look tendance.<\/p>\n<h3>Caract\u00e9ristiques :<\/h3>\n<ul>\n<li><strong>Mati\u00e8re<\/strong> : 100% <strong>French Terry<\/strong>.<\/li>\n<li><strong>Design<\/strong> : Turban avec noeud d\u00e9coratif.<\/li>\n<li><strong>handmade<\/strong>.<\/li>\n<\/ul>\n<h3>D\u00e9lai de confection :<\/h3>\n<ul>\n<li><strong>15 jours ouvr\u00e9s<\/strong>.<\/li>\n<\/ul>\n<h3>Tailles disponibles :<\/h3>\n<ul>\n<li>0 \u00e0 12 mois.<\/li>\n<\/ul>\n<h3>Entretien :<\/h3>\n<ul>\n<li>Lavage \u00e0 30\u00b0C recommand\u00e9.<\/li>\n<\/ul>","protected":false},"featured_media":6246,"comment_status":"open","ping_status":"closed","template":"","meta":{"_et_pb_use_builder":"","_et_pb_old_content":"","_et_gb_content_width":""},"product_brand":[],"product_cat":[147,81,85,91,238],"product_tag":[],"class_list":{"0":"post-6353","1":"product","2":"type-product","3":"status-publish","4":"has-post-thumbnail","6":"product_cat-creations","7":"product_cat-layette-0-a-18-mois","8":"product_cat-les-accessoires","9":"product_cat-tout-voir-layette-0-a-24-mois","10":"product_cat-trousseau-de-naissance","11":"product_shipping_class-article-standard","13":"first","14":"instock","15":"shipping-taxable","16":"purchasable","17":"product-type-variable"},"_links":{"self":[{"href":"https:\/\/mesjoliesplumes.com\/en\/wp-json\/wp\/v2\/product\/6353","targetHints":{"allow":["GET"]}}],"collection":[{"href":"https:\/\/mesjoliesplumes.com\/en\/wp-json\/wp\/v2\/product"}],"about":[{"href":"https:\/\/mesjoliesplumes.com\/en\/wp-json\/wp\/v2\/types\/product"}],"replies":[{"embeddable":true,"href":"https:\/\/mesjoliesplumes.com\/en\/wp-json\/wp\/v2\/comments?post=6353"}],"wp:featuredmedia":[{"embeddable":true,"href":"https:\/\/mesjoliesplumes.com\/en\/wp-json\/wp\/v2\/media\/6246"}],"wp:attachment":[{"href":"https:\/\/mesjoliesplumes.com\/en\/wp-json\/wp\/v2\/media?parent=6353"}],"wp:term":[{"taxonomy":"product_brand","embeddable":true,"href":"https:\/\/mesjoliesplumes.com\/en\/wp-json\/wp\/v2\/product_brand?post=6353"},{"taxonomy":"product_cat","embeddable":true,"href":"https:\/\/mesjoliesplumes.com\/en\/wp-json\/wp\/v2\/product_cat?post=6353"},{"taxonomy":"product_tag","embeddable":true,"href":"https:\/\/mesjoliesplumes.com\/en\/wp-json\/wp\/v2\/product_tag?post=6353"}],"curies":[{"name":"wp","href":"https:\/\/api.w.org\/{rel}","templated":true}]}}