{"id":6526,"date":"2025-01-21T14:42:25","date_gmt":"2025-01-21T13:42:25","guid":{"rendered":"https:\/\/mesjoliesplumes.com\/?post_type=product&#038;p=6526"},"modified":"2025-01-21T14:42:25","modified_gmt":"2025-01-21T13:42:25","slug":"chaussons-nouveau-ne-mahe-sur-commande","status":"publish","type":"product","link":"https:\/\/mesjoliesplumes.com\/en\/boutique\/creations\/layette-0-a-18-mois\/les-accessoires\/chaussons-nouveau-ne-mahe-sur-commande\/","title":{"rendered":"Chaussons nouveau-n\u00e9 Mah\u00e9 &#8211; sur commande &#8211;"},"content":{"rendered":"<h3><strong>Chaussons nouveau-n\u00e9 Mah\u00e9<\/strong><\/h3>\n<p>Offrez \u00e0 votre b\u00e9b\u00e9 un mod\u00e8le intemporel avec ces chaussons confortables et d\u00e9licats pour ses premiers moments, fabriqu\u00e9s dans un tissu <strong>French Terry doubl\u00e9 jersey<\/strong> ultra-doux de votre choix.<\/p>\n<h3>Caract\u00e9ristiques :<\/h3>\n<ul>\n<li><strong>Doux et Confortables<\/strong> : Confectionn\u00e9s en French Terry, un tissu doux et agr\u00e9able au toucher, parfait pour la peau fragile de b\u00e9b\u00e9.<\/li>\n<li><strong>Id\u00e9aux pour la Maternit\u00e9<\/strong> : Ces chaussons sont parfaits pour compl\u00e9ter la tenue de naissance \u00e0 la maternit\u00e9, alliant praticit\u00e9 et confort.<\/li>\n<li><strong>Personnalisables<\/strong> : Choisissez parmi une s\u00e9lection de tissus pour offrir \u00e0 votre b\u00e9b\u00e9 des chaussons uniques et sur-mesure.<\/li>\n<li><strong>Fabrication Artisanale<\/strong> : Chaque paire est minutieusement confectionn\u00e9 \u00e0 la main, assurant une qualit\u00e9 unique et personnalis\u00e9e..<\/li>\n<li><strong>handmade<\/strong> : Avec soin et amour.<\/li>\n<\/ul>\n<h3>D\u00e9lai de confection :<\/h3>\n<ul>\n<li><strong>15 jours ouvr\u00e9s<\/strong>.<\/li>\n<\/ul>\n<h3>Tailles disponibles :<\/h3>\n<ul>\n<li>De 0 \u00e0 12 mois<\/li>\n<\/ul>\n<h3>Entretien :<\/h3>\n<ul>\n<li>Lavage \u00e0 30\u00b0C recommand\u00e9.<\/li>\n<li>S\u00e9chage \u00e0 l\u2019air libre.<\/li>\n<\/ul>\n<p>&nbsp;<\/p>\n<p>&nbsp;<\/p>\n<hr \/>\n<p>&nbsp;<\/p>","protected":false},"excerpt":{"rendered":"<p>Chaussons nouveau-n\u00e9 Mah\u00e9 Offrez \u00e0 votre b\u00e9b\u00e9 un mod\u00e8le intemporel avec ces chaussons confortables et d\u00e9licats pour ses premiers moments, fabriqu\u00e9s dans un tissu French Terry doubl\u00e9 jersey ultra-doux de votre choix. Caract\u00e9ristiques : Doux et Confortables : Confectionn\u00e9s en French Terry, un tissu doux et agr\u00e9able au toucher, parfait pour la peau fragile de [&hellip;]<\/p>\n","protected":false},"featured_media":6296,"comment_status":"open","ping_status":"closed","template":"","meta":{"_et_pb_use_builder":"","_et_pb_old_content":"","_et_gb_content_width":""},"product_brand":[],"product_cat":[147,81,85,238],"product_tag":[],"class_list":{"0":"post-6526","1":"product","2":"type-product","3":"status-publish","4":"has-post-thumbnail","6":"product_cat-creations","7":"product_cat-layette-0-a-18-mois","8":"product_cat-les-accessoires","9":"product_cat-trousseau-de-naissance","10":"product_shipping_class-article-standard","12":"first","13":"instock","14":"shipping-taxable","15":"purchasable","16":"product-type-variable"},"_links":{"self":[{"href":"https:\/\/mesjoliesplumes.com\/en\/wp-json\/wp\/v2\/product\/6526","targetHints":{"allow":["GET"]}}],"collection":[{"href":"https:\/\/mesjoliesplumes.com\/en\/wp-json\/wp\/v2\/product"}],"about":[{"href":"https:\/\/mesjoliesplumes.com\/en\/wp-json\/wp\/v2\/types\/product"}],"replies":[{"embeddable":true,"href":"https:\/\/mesjoliesplumes.com\/en\/wp-json\/wp\/v2\/comments?post=6526"}],"wp:featuredmedia":[{"embeddable":true,"href":"https:\/\/mesjoliesplumes.com\/en\/wp-json\/wp\/v2\/media\/6296"}],"wp:attachment":[{"href":"https:\/\/mesjoliesplumes.com\/en\/wp-json\/wp\/v2\/media?parent=6526"}],"wp:term":[{"taxonomy":"product_brand","embeddable":true,"href":"https:\/\/mesjoliesplumes.com\/en\/wp-json\/wp\/v2\/product_brand?post=6526"},{"taxonomy":"product_cat","embeddable":true,"href":"https:\/\/mesjoliesplumes.com\/en\/wp-json\/wp\/v2\/product_cat?post=6526"},{"taxonomy":"product_tag","embeddable":true,"href":"https:\/\/mesjoliesplumes.com\/en\/wp-json\/wp\/v2\/product_tag?post=6526"}],"curies":[{"name":"wp","href":"https:\/\/api.w.org\/{rel}","templated":true}]}}