{"id":6564,"date":"2025-03-06T10:58:36","date_gmt":"2025-03-06T09:58:36","guid":{"rendered":"https:\/\/mesjoliesplumes.com\/?post_type=product&#038;p=6564"},"modified":"2025-07-01T11:44:56","modified_gmt":"2025-07-01T09:44:56","slug":"gilet-arthur-tricote-main-disponible","status":"publish","type":"product","link":"https:\/\/mesjoliesplumes.com\/en\/boutique\/creations\/layette-0-a-18-mois\/les-hauts-layette-0-a-24-mois\/gilet-arthur-tricote-main-disponible\/","title":{"rendered":"Veste Arthur tricot\u00e9 main &#8211; disponible &#8211;"},"content":{"rendered":"<h3 data-start=\"75\" data-end=\"129\">Veste Arthur Tricot\u00e9 Main en 100% M\u00e9rinos \u2013 Taille 6 Mois<\/h3>\n<p data-start=\"131\" data-end=\"560\"><strong data-start=\"131\" data-end=\"148\">Description :<\/strong><br data-start=\"148\" data-end=\"151\" \/>Offrez \u00e0 votre b\u00e9b\u00e9 confort et chaleur avec ce magnifique gilet tricot\u00e9 main, con\u00e7u \u00e0 partir d&#8217;un fil 100% m\u00e9rinos de haute qualit\u00e9. Id\u00e9al pour les journ\u00e9es fra\u00eeches, ce gilet \u00e9pais et bien chaud saura garder votre petit tr\u00e9sor \u00e0 l&#8217;aise tout au long de la journ\u00e9e. Sa forme brassi\u00e8re et ses cordons \u00e0 nouer \u00e0 l&#8217;int\u00e9rieur et \u00e0 l&#8217;ext\u00e9rieur apportent une touche de style tout en permettant un ajustement parfait.<\/p>\n<p data-start=\"562\" data-end=\"584\"><strong data-start=\"562\" data-end=\"584\">Caract\u00e9ristiques :<\/strong><\/p>\n<ul data-start=\"585\" data-end=\"1272\">\n<li data-start=\"585\" data-end=\"662\"><strong data-start=\"587\" data-end=\"600\">Mati\u00e8re :<\/strong> 100% M\u00e9rinos de qualit\u00e9 sup\u00e9rieure, doux et hypoallerg\u00e9nique.<\/li>\n<li data-start=\"663\" data-end=\"738\"><strong data-start=\"665\" data-end=\"677\">Taille :<\/strong> 6 mois.<\/li>\n<li data-start=\"739\" data-end=\"870\"><strong data-start=\"741\" data-end=\"754\">Confort :<\/strong> Tricot\u00e9 \u00e0 la main, ce gilet est \u00e0 la fois chaud et respirant, pour une douceur optimale sur la peau de b\u00e9b\u00e9.<\/li>\n<li data-start=\"871\" data-end=\"953\"><strong data-start=\"873\" data-end=\"885\">Design :<\/strong> Petite poche pratique sur le devant pour une touche d\u00e9co originale ou pour ne pas perdre la t\u00e9tine !<\/li>\n<li data-start=\"954\" data-end=\"1106\"><strong data-start=\"956\" data-end=\"971\">Praticit\u00e9 :<\/strong> Forme brassi\u00e8re avec cordons \u00e0 nouer \u00e0 l\u2019int\u00e9rieur et \u00e0 l\u2019ext\u00e9rieur pour un ajustement facile et une plus grande libert\u00e9 de mouvement.<\/li>\n<li data-start=\"1107\" data-end=\"1272\"><strong data-start=\"1109\" data-end=\"1124\">Entretien :<\/strong> Lavage \u00e0 30\u00b0C, programme laine recommand\u00e9. Cependant, nous privil\u00e9gions toujours le lavage \u00e0 la main pour pr\u00e9server au mieux la qualit\u00e9 du m\u00e9rinos.<\/li>\n<\/ul>\n<p data-start=\"1274\" data-end=\"1289\"><strong data-start=\"1274\" data-end=\"1289\">Avantages :<\/strong><\/p>\n<ul data-start=\"1290\" data-end=\"1594\">\n<li data-start=\"1290\" data-end=\"1346\">Un gilet unique tricot\u00e9 main, fait avec soin et amour.<\/li>\n<li data-start=\"1347\" data-end=\"1443\">Le m\u00e9rinos, une laine douce et thermor\u00e9gulatrice, garde b\u00e9b\u00e9 au chaud sans surchauffe.<\/li>\n<li data-start=\"1444\" data-end=\"1515\">Facile \u00e0 enfiler gr\u00e2ce \u00e0 la coupe pratique et les cordons ajustables.<\/li>\n<li data-start=\"1516\" data-end=\"1594\">Design intemporel qui s&#8217;accorde parfaitement avec toutes les tenues de b\u00e9b\u00e9.<\/li>\n<\/ul>\n<p data-start=\"1596\" data-end=\"1767\"><strong data-start=\"1596\" data-end=\"1612\">Id\u00e9al pour :<\/strong><br data-start=\"1612\" data-end=\"1615\" \/>Les parents \u00e0 la recherche d&#8217;un v\u00eatement doux, confortable et de qualit\u00e9 pour leur b\u00e9b\u00e9, parfait pour les saisons fra\u00eeches ou comme cadeau de naissance.<\/p>","protected":false},"excerpt":{"rendered":"<p>Veste Arthur Tricot\u00e9 Main en 100% M\u00e9rinos \u2013 Taille 6 Mois Description :Offrez \u00e0 votre b\u00e9b\u00e9 confort et chaleur avec ce magnifique gilet tricot\u00e9 main, con\u00e7u \u00e0 partir d&#8217;un fil 100% m\u00e9rinos de haute qualit\u00e9. Id\u00e9al pour les journ\u00e9es fra\u00eeches, ce gilet \u00e9pais et bien chaud saura garder votre petit tr\u00e9sor \u00e0 l&#8217;aise tout au [&hellip;]<\/p>\n","protected":false},"featured_media":6562,"comment_status":"open","ping_status":"closed","template":"","meta":{"_et_pb_use_builder":"","_et_pb_old_content":"","_et_gb_content_width":""},"product_brand":[],"product_cat":[239,147,81,82,91,197],"product_tag":[],"class_list":{"0":"post-6564","1":"product","2":"type-product","3":"status-publish","4":"has-post-thumbnail","6":"product_cat-a-adopter-de-suite","7":"product_cat-creations","8":"product_cat-layette-0-a-18-mois","9":"product_cat-les-hauts-layette-0-a-24-mois","10":"product_cat-tout-voir-layette-0-a-24-mois","11":"product_cat-tricot","12":"product_shipping_class-article-standard","14":"first","15":"instock","16":"sale","17":"shipping-taxable","18":"purchasable","19":"product-type-simple"},"_links":{"self":[{"href":"https:\/\/mesjoliesplumes.com\/en\/wp-json\/wp\/v2\/product\/6564","targetHints":{"allow":["GET"]}}],"collection":[{"href":"https:\/\/mesjoliesplumes.com\/en\/wp-json\/wp\/v2\/product"}],"about":[{"href":"https:\/\/mesjoliesplumes.com\/en\/wp-json\/wp\/v2\/types\/product"}],"replies":[{"embeddable":true,"href":"https:\/\/mesjoliesplumes.com\/en\/wp-json\/wp\/v2\/comments?post=6564"}],"wp:featuredmedia":[{"embeddable":true,"href":"https:\/\/mesjoliesplumes.com\/en\/wp-json\/wp\/v2\/media\/6562"}],"wp:attachment":[{"href":"https:\/\/mesjoliesplumes.com\/en\/wp-json\/wp\/v2\/media?parent=6564"}],"wp:term":[{"taxonomy":"product_brand","embeddable":true,"href":"https:\/\/mesjoliesplumes.com\/en\/wp-json\/wp\/v2\/product_brand?post=6564"},{"taxonomy":"product_cat","embeddable":true,"href":"https:\/\/mesjoliesplumes.com\/en\/wp-json\/wp\/v2\/product_cat?post=6564"},{"taxonomy":"product_tag","embeddable":true,"href":"https:\/\/mesjoliesplumes.com\/en\/wp-json\/wp\/v2\/product_tag?post=6564"}],"curies":[{"name":"wp","href":"https:\/\/api.w.org\/{rel}","templated":true}]}}