{"id":6622,"date":"2025-04-01T18:19:31","date_gmt":"2025-04-01T16:19:31","guid":{"rendered":"https:\/\/mesjoliesplumes.com\/?post_type=product&#038;p=6622"},"modified":"2025-04-01T18:19:31","modified_gmt":"2025-04-01T16:19:31","slug":"pochon-100-coton","status":"publish","type":"product","link":"https:\/\/mesjoliesplumes.com\/en\/boutique\/creations\/layette-0-a-18-mois\/les-accessoires\/pochon-100-coton\/","title":{"rendered":"Pochon 100% coton"},"content":{"rendered":"<h3 class=\"\" data-start=\"99\" data-end=\"161\"><strong data-start=\"103\" data-end=\"161\">Pochon 100% Coton Personnalis\u00e9 pour Tenue de Naissance<\/strong><\/h3>\n<p class=\"\" data-start=\"163\" data-end=\"474\"><strong data-start=\"163\" data-end=\"292\">Gardez la tenue de naissance de votre petit tr\u00e9sor dans un \u00e9crin d\u00e9licat et pratique avec notre pochon en coton 100% naturel.<\/strong> Ce joli pochon est con\u00e7u pour accueillir la tenue de naissance que vous avez choisie sur notre site, offrant ainsi une protection douce et \u00e9l\u00e9gante pour les v\u00eatements de votre b\u00e9b\u00e9.<\/p>\n<h4 class=\"\" data-start=\"476\" data-end=\"503\"><strong data-start=\"481\" data-end=\"503\">Caract\u00e9ristiques :<\/strong><\/h4>\n<ul data-start=\"504\" data-end=\"828\">\n<li class=\"\" data-start=\"504\" data-end=\"570\">\n<p class=\"\" data-start=\"506\" data-end=\"570\"><strong data-start=\"506\" data-end=\"519\">Mati\u00e8re :<\/strong> 100% coton.<\/p>\n<\/li>\n<li class=\"\" data-start=\"571\" data-end=\"652\">\n<p class=\"\" data-start=\"573\" data-end=\"652\"><strong data-start=\"573\" data-end=\"589\">Dimensions :<\/strong> Adapt\u00e9 pour une tenue de naissance compl\u00e8te (taille standard).<\/p>\n<\/li>\n<li class=\"\" data-start=\"653\" data-end=\"716\">\n<p class=\"\" data-start=\"655\" data-end=\"716\"><strong data-start=\"655\" data-end=\"670\">Fermeture :<\/strong> Cordons de serrage pour un maintien s\u00e9curis\u00e9.<\/p>\n<\/li>\n<li class=\"\" data-start=\"717\" data-end=\"825\">\n<p class=\"\" data-start=\"719\" data-end=\"825\"><strong data-start=\"719\" data-end=\"741\">Personnalisation :<\/strong> Broderie main avec le pr\u00e9nom de l\u2019enfant ou un message personnalis\u00e9 de votre choix.<\/p>\n<\/li>\n<\/ul>\n<h4 class=\"\" data-start=\"829\" data-end=\"864\"><strong data-start=\"834\" data-end=\"864\">Personnalisation offerte :<\/strong><\/h4>\n<p class=\"\" data-start=\"865\" data-end=\"1006\">D\u00e8s 100\u20ac d\u2019achat, la personnalisation est <strong data-start=\"907\" data-end=\"919\">gratuite<\/strong>. Un cadeau parfait pour c\u00e9l\u00e9brer l\u2019arriv\u00e9e de b\u00e9b\u00e9 avec un d\u00e9tail unique et personnel.<\/p>\n<h4 class=\"\" data-start=\"1008\" data-end=\"1061\"><strong data-start=\"1013\" data-end=\"1061\">Pourquoi choisir notre pochon personnalis\u00e9 ?<\/strong><\/h4>\n<ul data-start=\"1062\" data-end=\"1479\">\n<li class=\"\" data-start=\"1062\" data-end=\"1199\">\n<p class=\"\" data-start=\"1064\" data-end=\"1199\"><strong data-start=\"1064\" data-end=\"1087\">Pratique et \u00e9l\u00e9gant<\/strong> : Il permet de ranger la tenue de naissance de mani\u00e8re soign\u00e9e et styl\u00e9e, tout en restant facile \u00e0 transporter.<\/p>\n<\/li>\n<li class=\"\" data-start=\"1200\" data-end=\"1351\">\n<p class=\"\" data-start=\"1202\" data-end=\"1351\"><strong data-start=\"1202\" data-end=\"1223\">Un cadeau sp\u00e9cial<\/strong> : Offrez un cadeau qui a du sens, un pochon unique avec le pr\u00e9nom du b\u00e9b\u00e9, une id\u00e9e originale pour une naissance ou un bapt\u00eame.<\/p>\n<\/li>\n<\/ul>\n<h4 class=\"\" data-start=\"1481\" data-end=\"1512\"><strong data-start=\"1486\" data-end=\"1512\">Conseils d&#8217;entretien :<\/strong><\/h4>\n<p class=\"\" data-start=\"1513\" data-end=\"1606\">Lavez votre pochon en machine \u00e0 30\u00b0C pour pr\u00e9server sa douceur et sa qualit\u00e9 au fil du temps.<\/p>","protected":false},"excerpt":{"rendered":"<p>Pochon 100% Coton Personnalis\u00e9 pour Tenue de Naissance Gardez la tenue de naissance de votre petit tr\u00e9sor dans un \u00e9crin d\u00e9licat et pratique avec notre pochon en coton 100% naturel. Ce joli pochon est con\u00e7u pour accueillir la tenue de naissance que vous avez choisie sur notre site, offrant ainsi une protection douce et \u00e9l\u00e9gante [&hellip;]<\/p>\n","protected":false},"featured_media":6612,"comment_status":"open","ping_status":"closed","template":"","meta":{"_et_pb_use_builder":"on","_et_pb_old_content":"<h3 class=\"\" data-start=\"99\" data-end=\"161\"><strong data-start=\"103\" data-end=\"161\">Pochon 100% Coton Personnalis\u00e9 pour Tenue de Naissance<\/strong><\/h3>\r\n<p class=\"\" data-start=\"163\" data-end=\"474\"><strong data-start=\"163\" data-end=\"292\">Gardez la tenue de naissance de votre petit tr\u00e9sor dans un \u00e9crin d\u00e9licat et pratique avec notre pochon en coton 100% naturel.<\/strong> Ce joli pochon est con\u00e7u pour accueillir la tenue de naissance que vous avez choisie sur notre site, offrant ainsi une protection douce et \u00e9l\u00e9gante pour les v\u00eatements de votre b\u00e9b\u00e9.<\/p>\r\n\r\n<h4 class=\"\" data-start=\"476\" data-end=\"503\"><strong data-start=\"481\" data-end=\"503\">Caract\u00e9ristiques :<\/strong><\/h4>\r\n<ul data-start=\"504\" data-end=\"828\">\r\n \t<li class=\"\" data-start=\"504\" data-end=\"570\">\r\n<p class=\"\" data-start=\"506\" data-end=\"570\"><strong data-start=\"506\" data-end=\"519\">Mati\u00e8re :<\/strong> 100% coton.<\/p>\r\n<\/li>\r\n \t<li class=\"\" data-start=\"571\" data-end=\"652\">\r\n<p class=\"\" data-start=\"573\" data-end=\"652\"><strong data-start=\"573\" data-end=\"589\">Dimensions :<\/strong> Adapt\u00e9 pour une tenue de naissance compl\u00e8te (taille standard).<\/p>\r\n<\/li>\r\n \t<li class=\"\" data-start=\"653\" data-end=\"716\">\r\n<p class=\"\" data-start=\"655\" data-end=\"716\"><strong data-start=\"655\" data-end=\"670\">Fermeture :<\/strong> Cordons de serrage pour un maintien s\u00e9curis\u00e9.<\/p>\r\n<\/li>\r\n \t<li class=\"\" data-start=\"717\" data-end=\"825\">\r\n<p class=\"\" data-start=\"719\" data-end=\"825\"><strong data-start=\"719\" data-end=\"741\">Personnalisation :<\/strong> Broderie main avec le pr\u00e9nom de l\u2019enfant ou un message personnalis\u00e9 de votre choix.<\/p>\r\n<\/li>\r\n<\/ul>\r\n<h4 class=\"\" data-start=\"829\" data-end=\"864\"><strong data-start=\"834\" data-end=\"864\">Personnalisation offerte :<\/strong><\/h4>\r\n<p class=\"\" data-start=\"865\" data-end=\"1006\">D\u00e8s 100\u20ac d\u2019achat, la personnalisation est <strong data-start=\"907\" data-end=\"919\">gratuite<\/strong>. Un cadeau parfait pour c\u00e9l\u00e9brer l\u2019arriv\u00e9e de b\u00e9b\u00e9 avec un d\u00e9tail unique et personnel.<\/p>\r\n\r\n<h4 class=\"\" data-start=\"1008\" data-end=\"1061\"><strong data-start=\"1013\" data-end=\"1061\">Pourquoi choisir notre pochon personnalis\u00e9 ?<\/strong><\/h4>\r\n<ul data-start=\"1062\" data-end=\"1479\">\r\n \t<li class=\"\" data-start=\"1062\" data-end=\"1199\">\r\n<p class=\"\" data-start=\"1064\" data-end=\"1199\"><strong data-start=\"1064\" data-end=\"1087\">Pratique et \u00e9l\u00e9gant<\/strong> : Il permet de ranger la tenue de naissance de mani\u00e8re soign\u00e9e et styl\u00e9e, tout en restant facile \u00e0 transporter.<\/p>\r\n<\/li>\r\n \t<li class=\"\" data-start=\"1200\" data-end=\"1351\">\r\n<p class=\"\" data-start=\"1202\" data-end=\"1351\"><strong data-start=\"1202\" data-end=\"1223\">Un cadeau sp\u00e9cial<\/strong> : Offrez un cadeau qui a du sens, un pochon unique avec le pr\u00e9nom du b\u00e9b\u00e9, une id\u00e9e originale pour une naissance ou un bapt\u00eame.<\/p>\r\n<\/li>\r\n<\/ul>\r\n<h4 class=\"\" data-start=\"1481\" data-end=\"1512\"><strong data-start=\"1486\" data-end=\"1512\">Conseils d'entretien :<\/strong><\/h4>\r\n<p class=\"\" data-start=\"1513\" data-end=\"1606\">Lavez votre pochon en machine \u00e0 30\u00b0C pour pr\u00e9server sa douceur et sa qualit\u00e9 au fil du temps.<\/p>","_et_gb_content_width":""},"product_brand":[],"product_cat":[147,81,85,238],"product_tag":[],"class_list":{"0":"post-6622","1":"product","2":"type-product","3":"status-publish","4":"has-post-thumbnail","6":"product_cat-creations","7":"product_cat-layette-0-a-18-mois","8":"product_cat-les-accessoires","9":"product_cat-trousseau-de-naissance","10":"product_shipping_class-article-standard","12":"first","13":"instock","14":"shipping-taxable","15":"purchasable","16":"product-type-variable"},"_links":{"self":[{"href":"https:\/\/mesjoliesplumes.com\/en\/wp-json\/wp\/v2\/product\/6622","targetHints":{"allow":["GET"]}}],"collection":[{"href":"https:\/\/mesjoliesplumes.com\/en\/wp-json\/wp\/v2\/product"}],"about":[{"href":"https:\/\/mesjoliesplumes.com\/en\/wp-json\/wp\/v2\/types\/product"}],"replies":[{"embeddable":true,"href":"https:\/\/mesjoliesplumes.com\/en\/wp-json\/wp\/v2\/comments?post=6622"}],"wp:featuredmedia":[{"embeddable":true,"href":"https:\/\/mesjoliesplumes.com\/en\/wp-json\/wp\/v2\/media\/6612"}],"wp:attachment":[{"href":"https:\/\/mesjoliesplumes.com\/en\/wp-json\/wp\/v2\/media?parent=6622"}],"wp:term":[{"taxonomy":"product_brand","embeddable":true,"href":"https:\/\/mesjoliesplumes.com\/en\/wp-json\/wp\/v2\/product_brand?post=6622"},{"taxonomy":"product_cat","embeddable":true,"href":"https:\/\/mesjoliesplumes.com\/en\/wp-json\/wp\/v2\/product_cat?post=6622"},{"taxonomy":"product_tag","embeddable":true,"href":"https:\/\/mesjoliesplumes.com\/en\/wp-json\/wp\/v2\/product_tag?post=6622"}],"curies":[{"name":"wp","href":"https:\/\/api.w.org\/{rel}","templated":true}]}}