{"id":6625,"date":"2025-04-02T01:17:22","date_gmt":"2025-04-01T23:17:22","guid":{"rendered":"https:\/\/mesjoliesplumes.com\/?post_type=product&#038;p=6625"},"modified":"2025-04-02T01:20:12","modified_gmt":"2025-04-01T23:20:12","slug":"tee-shirt-alba-sur-commande","status":"publish","type":"product","link":"https:\/\/mesjoliesplumes.com\/en\/boutique\/creations\/layette-0-a-18-mois\/les-hauts-layette-0-a-24-mois\/tee-shirt-alba-sur-commande\/","title":{"rendered":"Tee-shirt Alba &#8211; sur commande &#8211;"},"content":{"rendered":"<h3 class=\"\" data-start=\"99\" data-end=\"156\"><strong data-start=\"103\" data-end=\"156\">Tee-shirt Alba en Double Gaze Bio \u2013 Coloris Taupe<\/strong><\/h3>\n<p>Possibilit\u00e9 de command\u00e9 le m\u00eame pour Maman !<\/p>\n<p class=\"\" data-start=\"158\" data-end=\"474\">Offrez \u00e0 votre enfant un confort absolu avec le tee-shirt Alba, un mod\u00e8le \u00e0 la fois \u00e9l\u00e9gant et pratique, confectionn\u00e9 \u00e0 la main dans notre atelier. R\u00e9alis\u00e9 en double gaze de coton bio, ce tee-shirt l\u00e9ger et agr\u00e9able \u00e0 porter est parfait pour les journ\u00e9es estivales ou en superposition pendant la saison plus fra\u00eeche.<\/p>\n<h4 class=\"\" data-start=\"476\" data-end=\"503\"><strong data-start=\"481\" data-end=\"503\">Caract\u00e9ristiques :<\/strong><\/h4>\n<ul data-start=\"504\" data-end=\"1013\">\n<li class=\"\" data-start=\"504\" data-end=\"612\">\n<p class=\"\" data-start=\"506\" data-end=\"612\"><strong data-start=\"506\" data-end=\"519\">Mati\u00e8re :<\/strong> Double gaze de coton 100% bio, douce, respirante et respectueuse de la peau de votre enfant.<\/p>\n<\/li>\n<li class=\"\" data-start=\"613\" data-end=\"688\">\n<p class=\"\" data-start=\"615\" data-end=\"688\"><strong data-start=\"615\" data-end=\"628\">Couleur :<\/strong> Taupe, une teinte naturelle et \u00e9l\u00e9gante, facile \u00e0 assortir et surtout ind\u00e9modable !<\/p>\n<\/li>\n<li class=\"\" data-start=\"689\" data-end=\"793\">\n<p class=\"\" data-start=\"691\" data-end=\"793\"><strong data-start=\"691\" data-end=\"703\">Design :<\/strong> Mod\u00e8le ample avec des manches volant\u00e9es, offrant une coupe moderne et un confort optimal.<\/p>\n<\/li>\n<li class=\"\" data-start=\"794\" data-end=\"901\">\n<p class=\"\" data-start=\"796\" data-end=\"901\"><strong data-start=\"796\" data-end=\"821\">Tailles disponibles :<\/strong> Sur commande, du 3 mois au 10 ans, pour s\u2019adapter \u00e0 toutes les petites tailles.<\/p>\n<\/li>\n<li class=\"\" data-start=\"902\" data-end=\"1010\">\n<p class=\"\" data-start=\"904\" data-end=\"1010\"><strong data-start=\"904\" data-end=\"921\">Fabrication :<\/strong> Enti\u00e8rement fait main dans notre atelier, chaque pi\u00e8ce est unique et r\u00e9alis\u00e9e avec soin.<\/p>\n<\/li>\n<\/ul>\n<h4 class=\"\" data-start=\"1014\" data-end=\"1059\"><strong data-start=\"1019\" data-end=\"1059\">Pourquoi choisir le tee-shirt Alba ?<\/strong><\/h4>\n<ul data-start=\"1060\" data-end=\"1525\">\n<li class=\"\" data-start=\"1060\" data-end=\"1193\">\n<p class=\"\" data-start=\"1062\" data-end=\"1193\"><strong data-start=\"1062\" data-end=\"1083\">Confort &amp; style :<\/strong> La double gaze de coton bio offre une texture douce et a\u00e9rienne, id\u00e9ale pour les peaux sensibles des enfants.<\/p>\n<\/li>\n<li class=\"\" data-start=\"1194\" data-end=\"1359\">\n<p class=\"\" data-start=\"1196\" data-end=\"1359\"><strong data-start=\"1196\" data-end=\"1224\">Pratique et intemporel :<\/strong> Son design ample et ses manches volant\u00e9es apportent une touche de f\u00e9minit\u00e9 discr\u00e8te tout en \u00e9tant ultra-confortable pour le quotidien.<\/p>\n<\/li>\n<li class=\"\" data-start=\"1360\" data-end=\"1525\">\n<p class=\"\" data-start=\"1362\" data-end=\"1525\"><strong data-start=\"1362\" data-end=\"1386\">\u00c9thique et durable :<\/strong> Fait main dans notre atelier, chaque tee-shirt est un produit responsable, respectueux de l\u2019environnement et du bien-\u00eatre de votre enfant.<\/p>\n<\/li>\n<\/ul>\n<h4 class=\"\" data-start=\"1527\" data-end=\"1558\"><strong data-start=\"1532\" data-end=\"1558\">Conseils d&#8217;entretien :<\/strong><\/h4>\n<p class=\"\" data-start=\"1559\" data-end=\"1721\">Lavage en machine \u00e0 30\u00b0C. Pour pr\u00e9server la douceur de la double gaze, nous vous conseillons de laver le tee-shirt \u00e0 l&#8217;envers et de le faire s\u00e9cher \u00e0 l&#8217;air libre.<\/p>","protected":false},"excerpt":{"rendered":"<p>Tee-shirt Alba en Double Gaze Bio \u2013 Coloris Taupe Possibilit\u00e9 de command\u00e9 le m\u00eame pour Maman ! Offrez \u00e0 votre enfant un confort absolu avec le tee-shirt Alba, un mod\u00e8le \u00e0 la fois \u00e9l\u00e9gant et pratique, confectionn\u00e9 \u00e0 la main dans notre atelier. R\u00e9alis\u00e9 en double gaze de coton bio, ce tee-shirt l\u00e9ger et agr\u00e9able [&hellip;]<\/p>\n","protected":false},"featured_media":6571,"comment_status":"open","ping_status":"closed","template":"","meta":{"_et_pb_use_builder":"","_et_pb_old_content":"","_et_gb_content_width":""},"product_brand":[],"product_cat":[147,61,81,82,78,198,91,80],"product_tag":[],"class_list":{"0":"post-6625","1":"product","2":"type-product","3":"status-publish","4":"has-post-thumbnail","6":"product_cat-creations","7":"product_cat-enfant","8":"product_cat-layette-0-a-18-mois","9":"product_cat-les-hauts-layette-0-a-24-mois","10":"product_cat-les-hauts","11":"product_cat-matchy-matchy","12":"product_cat-tout-voir-layette-0-a-24-mois","13":"product_cat-tout-voir","14":"product_shipping_class-article-standard","16":"first","17":"instock","18":"shipping-taxable","19":"purchasable","20":"product-type-variable"},"_links":{"self":[{"href":"https:\/\/mesjoliesplumes.com\/en\/wp-json\/wp\/v2\/product\/6625","targetHints":{"allow":["GET"]}}],"collection":[{"href":"https:\/\/mesjoliesplumes.com\/en\/wp-json\/wp\/v2\/product"}],"about":[{"href":"https:\/\/mesjoliesplumes.com\/en\/wp-json\/wp\/v2\/types\/product"}],"replies":[{"embeddable":true,"href":"https:\/\/mesjoliesplumes.com\/en\/wp-json\/wp\/v2\/comments?post=6625"}],"wp:featuredmedia":[{"embeddable":true,"href":"https:\/\/mesjoliesplumes.com\/en\/wp-json\/wp\/v2\/media\/6571"}],"wp:attachment":[{"href":"https:\/\/mesjoliesplumes.com\/en\/wp-json\/wp\/v2\/media?parent=6625"}],"wp:term":[{"taxonomy":"product_brand","embeddable":true,"href":"https:\/\/mesjoliesplumes.com\/en\/wp-json\/wp\/v2\/product_brand?post=6625"},{"taxonomy":"product_cat","embeddable":true,"href":"https:\/\/mesjoliesplumes.com\/en\/wp-json\/wp\/v2\/product_cat?post=6625"},{"taxonomy":"product_tag","embeddable":true,"href":"https:\/\/mesjoliesplumes.com\/en\/wp-json\/wp\/v2\/product_tag?post=6625"}],"curies":[{"name":"wp","href":"https:\/\/api.w.org\/{rel}","templated":true}]}}